{"id":6070,"date":"2024-03-20T11:36:15","date_gmt":"2024-03-20T10:36:15","guid":{"rendered":"https:\/\/www.lksnext.com\/?page_id=6070"},"modified":"2024-09-19T09:56:18","modified_gmt":"2024-09-19T07:56:18","slug":"inicio","status":"publish","type":"page","link":"https:\/\/www.lksnext.com\/en\/","title":{"rendered":"LKS Next"},"content":{"rendered":"<p>[et_pb_section fb_built=&#8221;1&#8243; disabled_on=&#8221;off|off|off&#8221; module_class=&#8221;slider-home-section&#8221; _builder_version=&#8221;4.18.0&#8243; background_image=&#8221;https:\/\/www.lksnext.com\/wp-content\/uploads\/2021\/03\/caratula-folleto-legal-e1662559396236.png&#8221; collapsed=&#8221;off&#8221; global_colors_info=&#8221;{}&#8221;][et_pb_row _builder_version=&#8221;4.18.0&#8243; background_enable_image=&#8221;off&#8221; width=&#8221;100%&#8221; max_width=&#8221;2560px&#8221; global_colors_info=&#8221;{}&#8221;][et_pb_column type=&#8221;4_4&#8243; _builder_version=&#8221;4.16&#8243; global_colors_info=&#8221;{}&#8221;][et_pb_slider disabled_on=&#8221;off|off|off&#8221; module_class=&#8221;slider-home&#8221; _builder_version=&#8221;4.23.1&#8243; background_enable_image=&#8221;off&#8221; auto=&#8221;on&#8221; auto_ignore_hover=&#8221;on&#8221; global_colors_info=&#8221;{}&#8221;][et_pb_slide heading=&#8221; What is your roadmap to a sustainable future?&#8221; button_text=&#8221;WE ACCOMPANY YOU&#8221; button_link=&#8221;https:\/\/www.lksnext.com\/es\/new\/transformacion-sostenible\/&#8221; use_bg_overlay=&#8221;off&#8221; _builder_version=&#8221;4.23.1&#8243; background_color=&#8221;#eaf7f5&#8243; background_enable_color=&#8221;on&#8221; background_image=&#8221;https:\/\/www.lksnext.com\/wp-content\/uploads\/2021\/07\/cabecera-home.jpg&#8221; background_enable_image=&#8221;off&#8221; background_video_mp4=&#8221;https:\/\/www.lksnext.com\/wp-content\/uploads\/2023\/10\/video-banner-home-transformacion-sostenible-lks-next.mp4&#8243; background_enable_video_mp4=&#8221;on&#8221; global_colors_info=&#8221;{}&#8221; sticky_transition=&#8221;on&#8221;][\/et_pb_slide][et_pb_slide heading=&#8221;Come with us to the Advanced Factories 2024 Exhibition&#8221; button_text=&#8221;Request a ticket or schedule a meeting&#8221; button_link=&#8221;https:\/\/www.lksnext.com\/es\/new\/smart-industry\/&#8221; url_new_window=&#8221;on&#8221; use_bg_overlay=&#8221;off&#8221; _builder_version=&#8221;4.23.1&#8243; background_color=&#8221;#eaf7f5&#8243; background_enable_color=&#8221;on&#8221; background_image=&#8221;https:\/\/www.lksnext.com\/wp-content\/uploads\/2024\/03\/Pabellon-2-Stand-D505-2.png&#8221; background_enable_image=&#8221;on&#8221; background_enable_video_mp4=&#8221;off&#8221; global_colors_info=&#8221;{}&#8221; sticky_transition=&#8221;on&#8221;][\/et_pb_slide][et_pb_slide heading=&#8221;Discovering the opportunities of Digital Transformation&#8221; button_text=&#8221;WE ACCOMPANY YOU&#8221; button_link=&#8221;https:\/\/www.lksnext.com\/es\/servicios\/tecnologia\/&#8221; use_bg_overlay=&#8221;off&#8221; _builder_version=&#8221;4.23.1&#8243; background_color=&#8221;#eaf7f5&#8243; background_enable_color=&#8221;on&#8221; background_enable_image=&#8221;off&#8221; background_video_mp4=&#8221;https:\/\/www.lksnext.com\/wp-content\/uploads\/2023\/01\/Istock-1334055217-1.mp4&#8243; background_enable_video_mp4=&#8221;on&#8221; global_colors_info=&#8221;{}&#8221; sticky_transition=&#8221;on&#8221;][\/et_pb_slide][\/et_pb_slider][et_pb_slider disabled_on=&#8221;on|on|on&#8221; module_class=&#8221;slider-home&#8221; _builder_version=&#8221;4.21.0&#8243; background_enable_image=&#8221;off&#8221; auto=&#8221;on&#8221; auto_ignore_hover=&#8221;on&#8221; disabled=&#8221;on&#8221; global_colors_info=&#8221;{}&#8221;][et_pb_slide heading=&#8221; \u00bfCu\u00e1l es tu hoja de ruta hacia un futuro Sostenible?&#8221; button_text=&#8221;TE ACOMPA\u00d1AMOS&#8221; button_link=&#8221;https:\/\/www.lksnext.com\/es\/new\/transformacion-sostenible\/&#8221; use_bg_overlay=&#8221;off&#8221; _builder_version=&#8221;4.21.0&#8243; background_color=&#8221;#eaf7f5&#8243; background_enable_color=&#8221;on&#8221; background_image=&#8221;https:\/\/www.lksnext.com\/wp-content\/uploads\/2021\/07\/cabecera-home.jpg&#8221; background_enable_image=&#8221;off&#8221; background_video_mp4=&#8221;https:\/\/www.lksnext.com\/wp-content\/uploads\/2023\/10\/video-banner-home-transformacion-sostenible-lks-next.mp4&#8243; background_enable_video_mp4=&#8221;on&#8221; global_colors_info=&#8221;{}&#8221; sticky_transition=&#8221;on&#8221;][\/et_pb_slide][et_pb_slide heading=&#8221;Mejoramos tu competitividad y minimizamos tus riesgos&#8221; button_text=&#8221;TE ACOMPA\u00d1AMOS&#8221; button_link=&#8221;https:\/\/www.lksnext.com\/es\/servicios\/consultoria\/&#8221; use_bg_overlay=&#8221;off&#8221; _builder_version=&#8221;4.18.0&#8243; background_color=&#8221;#eaf7f5&#8243; background_enable_color=&#8221;on&#8221; background_enable_image=&#8221;off&#8221; background_video_mp4=&#8221;https:\/\/www.lksnext.com\/wp-content\/uploads\/2023\/01\/Istock-1369986868-1.mp4&#8243; background_enable_video_mp4=&#8221;on&#8221; global_colors_info=&#8221;{}&#8221; sticky_transition=&#8221;on&#8221;][\/et_pb_slide][et_pb_slide heading=&#8221;Descubriendo las oportunidades de laTransformaci\u00f3n Digital&#8221; button_text=&#8221;TE ACOMPA\u00d1AMOS&#8221; button_link=&#8221;https:\/\/www.lksnext.com\/es\/servicios\/tecnologia\/&#8221; use_bg_overlay=&#8221;off&#8221; _builder_version=&#8221;4.18.0&#8243; background_color=&#8221;#eaf7f5&#8243; background_enable_color=&#8221;on&#8221; background_enable_image=&#8221;off&#8221; background_video_mp4=&#8221;https:\/\/www.lksnext.com\/wp-content\/uploads\/2023\/01\/Istock-1334055217-1.mp4&#8243; background_enable_video_mp4=&#8221;on&#8221; global_colors_info=&#8221;{}&#8221; sticky_transition=&#8221;on&#8221;][\/et_pb_slide][\/et_pb_slider][\/et_pb_column][\/et_pb_row][\/et_pb_section][et_pb_section fb_built=&#8221;1&#8243; disabled_on=&#8221;on|on|on&#8221; module_class=&#8221;negocios-slider&#8221; _builder_version=&#8221;4.20.0&#8243; width=&#8221;100%&#8221; max_width=&#8221;100%&#8221; custom_margin=&#8221;0px||30px||false|false&#8221; custom_padding=&#8221;0px||0px||false|false&#8221; z_index_tablet=&#8221;500&#8243; box_shadow_horizontal_tablet=&#8221;0px&#8221; box_shadow_vertical_tablet=&#8221;0px&#8221; box_shadow_blur_tablet=&#8221;40px&#8221; box_shadow_spread_tablet=&#8221;0px&#8221; locked=&#8221;off&#8221; global_colors_info=&#8221;{}&#8221; disabled=&#8221;on&#8221;][et_pb_row disabled_on=&#8221;off|off|off&#8221; module_class=&#8221;negocios-title&#8221; _builder_version=&#8221;4.16&#8243; custom_margin=&#8221;0px||20px||false|false&#8221; custom_padding=&#8221;||0px||false|false&#8221; z_index_tablet=&#8221;500&#8243; box_shadow_horizontal_tablet=&#8221;0px&#8221; box_shadow_vertical_tablet=&#8221;0px&#8221; box_shadow_blur_tablet=&#8221;40px&#8221; box_shadow_spread_tablet=&#8221;0px&#8221; locked=&#8221;off&#8221; global_colors_info=&#8221;{}&#8221;][et_pb_column type=&#8221;4_4&#8243; _builder_version=&#8221;4.16&#8243; custom_padding=&#8221;|||&#8221; global_colors_info=&#8221;{}&#8221; custom_padding__hover=&#8221;|||&#8221;][et_pb_text admin_label=&#8221;Upcoming events&#8221; _builder_version=&#8221;4.23.1&#8243; hover_enabled=&#8221;0&#8243; z_index_tablet=&#8221;500&#8243; text_text_shadow_horizontal_length_tablet=&#8221;0px&#8221; text_text_shadow_vertical_length_tablet=&#8221;0px&#8221; text_text_shadow_blur_strength_tablet=&#8221;1px&#8221; link_text_shadow_horizontal_length_tablet=&#8221;0px&#8221; link_text_shadow_vertical_length_tablet=&#8221;0px&#8221; link_text_shadow_blur_strength_tablet=&#8221;1px&#8221; ul_text_shadow_horizontal_length_tablet=&#8221;0px&#8221; ul_text_shadow_vertical_length_tablet=&#8221;0px&#8221; ul_text_shadow_blur_strength_tablet=&#8221;1px&#8221; ol_text_shadow_horizontal_length_tablet=&#8221;0px&#8221; ol_text_shadow_vertical_length_tablet=&#8221;0px&#8221; ol_text_shadow_blur_strength_tablet=&#8221;1px&#8221; quote_text_shadow_horizontal_length_tablet=&#8221;0px&#8221; quote_text_shadow_vertical_length_tablet=&#8221;0px&#8221; quote_text_shadow_blur_strength_tablet=&#8221;1px&#8221; header_text_shadow_horizontal_length_tablet=&#8221;0px&#8221; header_text_shadow_vertical_length_tablet=&#8221;0px&#8221; header_text_shadow_blur_strength_tablet=&#8221;1px&#8221; header_2_text_shadow_horizontal_length_tablet=&#8221;0px&#8221; header_2_text_shadow_vertical_length_tablet=&#8221;0px&#8221; header_2_text_shadow_blur_strength_tablet=&#8221;1px&#8221; header_3_text_shadow_horizontal_length_tablet=&#8221;0px&#8221; header_3_text_shadow_vertical_length_tablet=&#8221;0px&#8221; header_3_text_shadow_blur_strength_tablet=&#8221;1px&#8221; header_4_text_shadow_horizontal_length_tablet=&#8221;0px&#8221; header_4_text_shadow_vertical_length_tablet=&#8221;0px&#8221; header_4_text_shadow_blur_strength_tablet=&#8221;1px&#8221; header_5_text_shadow_horizontal_length_tablet=&#8221;0px&#8221; header_5_text_shadow_vertical_length_tablet=&#8221;0px&#8221; header_5_text_shadow_blur_strength_tablet=&#8221;1px&#8221; header_6_text_shadow_horizontal_length_tablet=&#8221;0px&#8221; header_6_text_shadow_vertical_length_tablet=&#8221;0px&#8221; header_6_text_shadow_blur_strength_tablet=&#8221;1px&#8221; box_shadow_horizontal_tablet=&#8221;0px&#8221; box_shadow_vertical_tablet=&#8221;0px&#8221; box_shadow_blur_tablet=&#8221;40px&#8221; box_shadow_spread_tablet=&#8221;0px&#8221; global_colors_info=&#8221;{}&#8221; sticky_enabled=&#8221;0&#8243;]<\/p>\n<h2 style=\"text-align: center;\">Upcoming events<\/h2>\n<p>[\/et_pb_text][\/et_pb_column][\/et_pb_row][et_pb_row _builder_version=&#8221;4.20.0&#8243; _module_preset=&#8221;default&#8221; custom_margin=&#8221;0px||||false|false&#8221; custom_padding=&#8221;0px||||false|false&#8221; locked=&#8221;off&#8221; global_colors_info=&#8221;{}&#8221;][et_pb_column type=&#8221;4_4&#8243; _builder_version=&#8221;4.20.0&#8243; _module_preset=&#8221;default&#8221; global_colors_info=&#8221;{}&#8221;][et_pb_tabs admin_label=&#8221;Upcoming events&#8221; module_class=&#8221;landing-slider tabs-5&#8243; _builder_version=&#8221;4.26.0&#8243; _module_preset=&#8221;default&#8221; background_enable_image=&#8221;off&#8221; locked=&#8221;off&#8221; global_colors_info=&#8221;{}&#8221;][et_pb_tab title=&#8221;18 September&#8221; _builder_version=&#8221;4.26.0&#8243; _module_preset=&#8221;default&#8221; background_image=&#8221;https:\/\/www.lksnext.com\/wp-content\/uploads\/2024\/07\/Eventos-web-3.png&#8221; background_enable_image=&#8221;on&#8221; global_colors_info=&#8221;{}&#8221;]<\/p>\n<h3><span style=\"color: #f85900;\">On-site Event<\/span><\/h3>\n<h1>IA SUMMIT MICROSOFT<\/h1>\n<p>18 September, from 9:00 to 14:00<\/p>\n<h3><a href=\"https:\/\/insights.lksnext.com\/l\/1049812\/2024-07-10\/hr12\" target=\"_blank\" rel=\"noopener\"><span style=\"color: #f85900;\"><b>Registration<\/b><\/span><\/a><\/h3>\n<p>[\/et_pb_tab][\/et_pb_tabs][\/et_pb_column][\/et_pb_row][et_pb_row disabled_on=&#8221;on|on|on&#8221; _builder_version=&#8221;4.20.0&#8243; _module_preset=&#8221;default&#8221; custom_margin=&#8221;0px||||false|false&#8221; custom_padding=&#8221;0px||||false|false&#8221; disabled=&#8221;on&#8221; locked=&#8221;off&#8221; global_colors_info=&#8221;{}&#8221;][et_pb_column type=&#8221;4_4&#8243; _builder_version=&#8221;4.20.0&#8243; _module_preset=&#8221;default&#8221; global_colors_info=&#8221;{}&#8221;][et_pb_tabs module_class=&#8221;landing-slider tabs-5&#8243; _builder_version=&#8221;4.21.0&#8243; _module_preset=&#8221;default&#8221; global_colors_info=&#8221;{}&#8221;][et_pb_tab title=&#8221;27 de octubre&#8221; _builder_version=&#8221;4.21.0&#8243; _module_preset=&#8221;default&#8221; background_image=&#8221;https:\/\/www.lksnext.com\/wp-content\/uploads\/2023\/10\/Eventos-web-8.png&#8221; background_enable_image=&#8221;on&#8221; global_colors_info=&#8221;{}&#8221;]<\/p>\n<h3><strong>Presencial<\/strong><\/h3>\n<h1 class=\"contentDetailsTitle__StyledContentDetailsTitle-sc-nvm9ct-0 dPmWYv\"><span style=\"color: #f85900;\">C\u00f3mo sacarle partido a la IA <\/span><\/h1>\n<h1 class=\"contentDetailsTitle__StyledContentDetailsTitle-sc-nvm9ct-0 dPmWYv\"><span style=\"color: #f85900;\">en tu negocio con AWS<\/span><\/h1>\n<p><a class=\"link__ExternalLinkToThirdParty-sc-qgkdk8-3 bKIQiI\" href=\"https:\/\/www.google.com\/maps\/search\/?api=1&amp;query=Edificio%20Barco%2C%20Parque%20Cient%C3%ADfico%20y%20Tecnol%C3%B3gico%20de%20Bizkaia%2C%20Ibaizabal%20Bidea%2C%20101%20-%20%2048170%20Zamudio\" target=\"_blank\" rel=\"noopener noreferrer\">Edificio Barco, Parque Cient\u00edfico y Tecnol\u00f3gico de Bizkaia, Ibaizabal Bidea, 101 &#8211; 48170 Zamudio<\/a><\/p>\n<p>De 10:00 a 13:45h.<\/p>\n<p><a class=\"et_pb_button boton naranja\" href=\"https:\/\/aws-experience.com\/emea\/iberia\/e\/9b384\/como-sacarle-partido-a-la-ia-en-tu-negocio-con-aws--bilbao\" target=\"_blank\" rel=\"noopener\">M\u00e1s informaci\u00f3n<\/a><\/p>\n<p>[\/et_pb_tab][et_pb_tab title=&#8221;3 de noviembre&#8221; _builder_version=&#8221;4.21.0&#8243; _module_preset=&#8221;default&#8221; background_image=&#8221;https:\/\/www.lksnext.com\/wp-content\/uploads\/2023\/10\/Eventos-web-9.png&#8221; background_enable_image=&#8221;on&#8221; global_colors_info=&#8221;{}&#8221;]<\/p>\n<h3><strong>Online<\/strong><\/h3>\n<h1 class=\"contentDetailsTitle__StyledContentDetailsTitle-sc-nvm9ct-0 dPmWYv\"><span style=\"color: #f85900;\">WEBINAR WHISTLEBLOWING:\u00a0Implantaci\u00f3n del sistema <\/span><\/h1>\n<h1 class=\"contentDetailsTitle__StyledContentDetailsTitle-sc-nvm9ct-0 dPmWYv\"><span style=\"color: #f85900;\">interno de informaci\u00f3n por exigencia de la Ley 2\/2023 de <\/span><\/h1>\n<h1 class=\"contentDetailsTitle__StyledContentDetailsTitle-sc-nvm9ct-0 dPmWYv\"><span style=\"color: #f85900;\">protecci\u00f3n del informante<\/span><\/h1>\n<p>De 09:00 a 10:00h.<\/p>\n<p><a class=\"et_pb_button boton naranja\" href=\"https:\/\/www.lksnext.com\/es\/lks-next-legal-te-invita-al-nuevo-webinar-whistleblowing\/\" target=\"_blank\" rel=\"noopener\">M\u00e1s informaci\u00f3n<\/a><\/p>\n<p>[\/et_pb_tab][\/et_pb_tabs][\/et_pb_column][\/et_pb_row][\/et_pb_section][et_pb_section fb_built=&#8221;1&#8243; disabled_on=&#8221;on|on|on&#8221; module_class=&#8221;video30&#8243; _builder_version=&#8221;4.16&#8243; custom_margin=&#8221;||0px||false|false&#8221; custom_padding=&#8221;||0px||false|false&#8221; disabled=&#8221;on&#8221; collapsed=&#8221;off&#8221; global_colors_info=&#8221;{}&#8221;][et_pb_row column_structure=&#8221;1_3,2_3&#8243; disabled_on=&#8221;on|on|on&#8221; _builder_version=&#8221;4.18.0&#8243; background_color=&#8221;#F2F2F2&#8243; border_width_all=&#8221;1px&#8221; border_color_all=&#8221;#aaaaaa&#8221; disabled=&#8221;on&#8221; global_colors_info=&#8221;{}&#8221;][et_pb_column type=&#8221;1_3&#8243; _builder_version=&#8221;4.16&#8243; global_colors_info=&#8221;{}&#8221;][et_pb_text _builder_version=&#8221;4.18.0&#8243; global_colors_info=&#8221;{}&#8221;]<\/p>\n<p><strong>ADN COOPERATIVO<\/strong><\/p>\n<p>La informaci\u00f3n para una buena gesti\u00f3n lo es todo. Nos gu\u00eda en la digitalizaci\u00f3n por medio del desarrollo de la tecnolog\u00eda. Este es el contenido de nuestro ADN.<\/p>\n<p>El signo diferencial, qui\u00e9n marca nuestro estilo.<\/p>\n<p>[\/et_pb_text][\/et_pb_column][et_pb_column type=&#8221;2_3&#8243; _builder_version=&#8221;4.16&#8243; global_colors_info=&#8221;{}&#8221;][et_pb_video src=&#8221;https:\/\/youtu.be\/DkrDadvthu8&#8243; _builder_version=&#8221;4.16&#8243; global_colors_info=&#8221;{}&#8221;][\/et_pb_video][\/et_pb_column][\/et_pb_row][\/et_pb_section][et_pb_section fb_built=&#8221;1&#8243; module_class=&#8221;home-content&#8221; _builder_version=&#8221;4.20.0&#8243; custom_padding=&#8221;||0px||false|false&#8221; global_colors_info=&#8221;{}&#8221;][et_pb_row _builder_version=&#8221;4.16&#8243; global_colors_info=&#8221;{}&#8221;][et_pb_column type=&#8221;4_4&#8243; _builder_version=&#8221;4.16&#8243; global_colors_info=&#8221;{}&#8221;][et_pb_blog posts_number=&#8221;3&#8243; include_categories=&#8221;all&#8221; use_manual_excerpt=&#8221;off&#8221; show_more=&#8221;on&#8221; show_author=&#8221;off&#8221; show_excerpt=&#8221;off&#8221; show_pagination=&#8221;off&#8221; module_class=&#8221;featured&#8221; _builder_version=&#8221;4.23.1&#8243; global_colors_info=&#8221;{}&#8221;][\/et_pb_blog][\/et_pb_column][\/et_pb_row][\/et_pb_section][et_pb_section fb_built=&#8221;1&#8243; disabled_on=&#8221;on|on|on&#8221; module_class=&#8221;trayectoria&#8221; _builder_version=&#8221;4.18.0&#8243; _module_preset=&#8221;default&#8221; disabled=&#8221;on&#8221; global_colors_info=&#8221;{}&#8221;][et_pb_row column_structure=&#8221;1_3,2_3&#8243; _builder_version=&#8221;4.18.0&#8243; _module_preset=&#8221;default&#8221; global_colors_info=&#8221;{}&#8221;][et_pb_column type=&#8221;1_3&#8243; _builder_version=&#8221;4.18.0&#8243; _module_preset=&#8221;default&#8221; global_colors_info=&#8221;{}&#8221;][et_pb_text _builder_version=&#8221;4.18.0&#8243; _module_preset=&#8221;default&#8221; global_colors_info=&#8221;{}&#8221;]<\/p>\n<p>Dise\u00f1a tu trayectoria profesional con nosotros.<\/p>\n<p>Da el primer paso y pon tu talento en acci\u00f3n.<\/p>\n<p>[\/et_pb_text][et_pb_button button_url=&#8221;https:\/\/www.lksnext.com\/es\/haz-carrera-en-lks-next\/&#8221; button_text=&#8221;DESCUBRE QU\u00c9 OFRECEMOS&#8221; button_alignment=&#8221;center&#8221; module_class=&#8221;boton naranja&#8221; _builder_version=&#8221;4.20.0&#8243; _module_preset=&#8221;default&#8221; custom_button=&#8221;on&#8221; button_text_size=&#8221;25px&#8221; button_border_width=&#8221;3px&#8221; global_colors_info=&#8221;{}&#8221;][\/et_pb_button][\/et_pb_column][et_pb_column type=&#8221;2_3&#8243; _builder_version=&#8221;4.18.0&#8243; _module_preset=&#8221;default&#8221; global_colors_info=&#8221;{}&#8221;][et_pb_image src=&#8221;https:\/\/www.lksnext.com\/wp-content\/uploads\/2023\/01\/fondo-atraccion-talento.png&#8221; title_text=&#8221;fondo-atraccion-talento&#8221; _builder_version=&#8221;4.18.0&#8243; _module_preset=&#8221;default&#8221; global_colors_info=&#8221;{}&#8221;][\/et_pb_image][\/et_pb_column][\/et_pb_row][\/et_pb_section]<\/p>\n","protected":false},"excerpt":{"rendered":"<p>Upcoming eventsOn-site Event IA SUMMIT MICROSOFT 18 September, from 9:00 to 14:00 RegistrationPresencial C\u00f3mo sacarle partido a la IA en tu negocio con AWS Edificio Barco, Parque Cient\u00edfico y Tecnol\u00f3gico de Bizkaia, Ibaizabal Bidea, 101 &#8211; 48170 Zamudio De 10:00 a 13:45h. M\u00e1s informaci\u00f3nOnline WEBINAR WHISTLEBLOWING:\u00a0Implantaci\u00f3n del sistema interno de informaci\u00f3n por exigencia de la [&hellip;]<\/p>\n","protected":false},"author":1,"featured_media":15611,"parent":0,"menu_order":0,"comment_status":"closed","ping_status":"closed","template":"","meta":{"_acf_changed":false,"_et_pb_use_builder":"on","_et_pb_old_content":"","_et_gb_content_width":"","inline_featured_image":false,"footnotes":""},"class_list":["post-6070","page","type-page","status-publish","has-post-thumbnail","hentry"],"acf":[],"_links":{"self":[{"href":"https:\/\/www.lksnext.com\/en\/wp-json\/wp\/v2\/pages\/6070","targetHints":{"allow":["GET"]}}],"collection":[{"href":"https:\/\/www.lksnext.com\/en\/wp-json\/wp\/v2\/pages"}],"about":[{"href":"https:\/\/www.lksnext.com\/en\/wp-json\/wp\/v2\/types\/page"}],"author":[{"embeddable":true,"href":"https:\/\/www.lksnext.com\/en\/wp-json\/wp\/v2\/users\/1"}],"replies":[{"embeddable":true,"href":"https:\/\/www.lksnext.com\/en\/wp-json\/wp\/v2\/comments?post=6070"}],"version-history":[{"count":0,"href":"https:\/\/www.lksnext.com\/en\/wp-json\/wp\/v2\/pages\/6070\/revisions"}],"wp:featuredmedia":[{"embeddable":true,"href":"https:\/\/www.lksnext.com\/en\/wp-json\/wp\/v2\/media\/15611"}],"wp:attachment":[{"href":"https:\/\/www.lksnext.com\/en\/wp-json\/wp\/v2\/media?parent=6070"}],"curies":[{"name":"wp","href":"https:\/\/api.w.org\/{rel}","templated":true}]}}