{"id":12411,"date":"2021-09-15T12:30:21","date_gmt":"2021-09-15T10:30:21","guid":{"rendered":"https:\/\/www.lksnext.com\/?page_id=12411"},"modified":"2022-01-12T13:31:26","modified_gmt":"2022-01-12T12:31:26","slug":"ciberseguridad","status":"publish","type":"page","link":"https:\/\/www.lksnext.com\/es\/especialistas-en\/ciberseguridad\/","title":{"rendered":"Ciberseguridad"},"content":{"rendered":"<p>[et_pb_section fb_built=\u00bb1&#8243; module_class=\u00bbheader-section conoce\u00bb _builder_version=\u00bb4.0.11&#8243; background_position=\u00bbtop_center\u00bb custom_margin=\u00bb0px|0px|0px|0px\u00bb custom_padding=\u00bb0px|0px|0px|0px\u00bb z_index_tablet=\u00bb500&#8243; box_shadow_horizontal_tablet=\u00bb0px\u00bb box_shadow_vertical_tablet=\u00bb0px\u00bb box_shadow_blur_tablet=\u00bb40px\u00bb box_shadow_spread_tablet=\u00bb0px\u00bb locked=\u00bboff\u00bb global_colors_info=\u00bb{}\u00bb][et_pb_row admin_label=\u00bbFila\u00bb _builder_version=\u00bb4.0.11&#8243; width=\u00bb100%\u00bb max_width=\u00bb100%\u00bb z_index_tablet=\u00bb500&#8243; box_shadow_horizontal_tablet=\u00bb0px\u00bb box_shadow_vertical_tablet=\u00bb0px\u00bb box_shadow_blur_tablet=\u00bb40px\u00bb box_shadow_spread_tablet=\u00bb0px\u00bb global_colors_info=\u00bb{}\u00bb][et_pb_column type=\u00bb4_4&#8243; _builder_version=\u00bb3.0.47&#8243; custom_padding=\u00bb|||\u00bb global_colors_info=\u00bb{}\u00bb custom_padding__hover=\u00bb|||\u00bb][et_pb_text admin_label=\u00bbCiberseguridad\u00bb module_class=\u00bbheader-title\u00bb _builder_version=\u00bb4.4.8&#8243; z_index_tablet=\u00bb500&#8243; text_text_shadow_horizontal_length_tablet=\u00bb0px\u00bb text_text_shadow_vertical_length_tablet=\u00bb0px\u00bb text_text_shadow_blur_strength_tablet=\u00bb1px\u00bb link_text_shadow_horizontal_length_tablet=\u00bb0px\u00bb link_text_shadow_vertical_length_tablet=\u00bb0px\u00bb link_text_shadow_blur_strength_tablet=\u00bb1px\u00bb ul_text_shadow_horizontal_length_tablet=\u00bb0px\u00bb ul_text_shadow_vertical_length_tablet=\u00bb0px\u00bb ul_text_shadow_blur_strength_tablet=\u00bb1px\u00bb ol_text_shadow_horizontal_length_tablet=\u00bb0px\u00bb ol_text_shadow_vertical_length_tablet=\u00bb0px\u00bb ol_text_shadow_blur_strength_tablet=\u00bb1px\u00bb quote_text_shadow_horizontal_length_tablet=\u00bb0px\u00bb quote_text_shadow_vertical_length_tablet=\u00bb0px\u00bb quote_text_shadow_blur_strength_tablet=\u00bb1px\u00bb header_text_shadow_horizontal_length_tablet=\u00bb0px\u00bb header_text_shadow_vertical_length_tablet=\u00bb0px\u00bb header_text_shadow_blur_strength_tablet=\u00bb1px\u00bb header_2_text_shadow_horizontal_length_tablet=\u00bb0px\u00bb header_2_text_shadow_vertical_length_tablet=\u00bb0px\u00bb header_2_text_shadow_blur_strength_tablet=\u00bb1px\u00bb header_3_text_shadow_horizontal_length_tablet=\u00bb0px\u00bb header_3_text_shadow_vertical_length_tablet=\u00bb0px\u00bb header_3_text_shadow_blur_strength_tablet=\u00bb1px\u00bb header_4_text_shadow_horizontal_length_tablet=\u00bb0px\u00bb header_4_text_shadow_vertical_length_tablet=\u00bb0px\u00bb header_4_text_shadow_blur_strength_tablet=\u00bb1px\u00bb header_5_text_shadow_horizontal_length_tablet=\u00bb0px\u00bb header_5_text_shadow_vertical_length_tablet=\u00bb0px\u00bb header_5_text_shadow_blur_strength_tablet=\u00bb1px\u00bb header_6_text_shadow_horizontal_length_tablet=\u00bb0px\u00bb header_6_text_shadow_vertical_length_tablet=\u00bb0px\u00bb header_6_text_shadow_blur_strength_tablet=\u00bb1px\u00bb box_shadow_horizontal_tablet=\u00bb0px\u00bb box_shadow_vertical_tablet=\u00bb0px\u00bb box_shadow_blur_tablet=\u00bb40px\u00bb box_shadow_spread_tablet=\u00bb0px\u00bb global_colors_info=\u00bb{}\u00bb]<\/p>\n<h1>Ciberseguridad OT +IT<\/h1>\n<p>[\/et_pb_text][\/et_pb_column][\/et_pb_row][\/et_pb_section][et_pb_section fb_built=\u00bb1&#8243; use_custom_gutter=\u00bbon\u00bb gutter_width=\u00bb2&#8243; specialty=\u00bbon\u00bb background_color_1=\u00bb#fafafa\u00bb background_color_2=\u00bb#ffffff\u00bb module_class_1=\u00bbleft-column\u00bb module_class_2=\u00bbcontent-column\u00bb module_class=\u00bbcontent-container-inner\u00bb _builder_version=\u00bb4.0.11&#8243; background_color=\u00bbrgba(255,255,255,0)\u00bb z_index_tablet=\u00bb500&#8243; box_shadow_horizontal_tablet=\u00bb0px\u00bb box_shadow_vertical_tablet=\u00bb0px\u00bb box_shadow_blur_tablet=\u00bb40px\u00bb box_shadow_spread_tablet=\u00bb0px\u00bb locked=\u00bboff\u00bb global_colors_info=\u00bb{}\u00bb custom_margin__hover_enabled=\u00bbon|desktop\u00bb][et_pb_column type=\u00bb1_4&#8243; _builder_version=\u00bb3.25&#8243; custom_padding=\u00bb|||\u00bb global_colors_info=\u00bb{}\u00bb custom_padding__hover=\u00bb|||\u00bb][et_pb_text admin_label=\u00bbESPECIALISTAS EN\u00bb module_class=\u00bbmenu-section-title\u00bb _builder_version=\u00bb4.0.11&#8243; z_index_tablet=\u00bb500&#8243; text_text_shadow_horizontal_length_tablet=\u00bb0px\u00bb text_text_shadow_vertical_length_tablet=\u00bb0px\u00bb text_text_shadow_blur_strength_tablet=\u00bb1px\u00bb link_text_shadow_horizontal_length_tablet=\u00bb0px\u00bb link_text_shadow_vertical_length_tablet=\u00bb0px\u00bb link_text_shadow_blur_strength_tablet=\u00bb1px\u00bb ul_text_shadow_horizontal_length_tablet=\u00bb0px\u00bb ul_text_shadow_vertical_length_tablet=\u00bb0px\u00bb ul_text_shadow_blur_strength_tablet=\u00bb1px\u00bb ol_text_shadow_horizontal_length_tablet=\u00bb0px\u00bb ol_text_shadow_vertical_length_tablet=\u00bb0px\u00bb ol_text_shadow_blur_strength_tablet=\u00bb1px\u00bb quote_text_shadow_horizontal_length_tablet=\u00bb0px\u00bb quote_text_shadow_vertical_length_tablet=\u00bb0px\u00bb quote_text_shadow_blur_strength_tablet=\u00bb1px\u00bb header_text_shadow_horizontal_length_tablet=\u00bb0px\u00bb header_text_shadow_vertical_length_tablet=\u00bb0px\u00bb header_text_shadow_blur_strength_tablet=\u00bb1px\u00bb header_2_text_shadow_horizontal_length_tablet=\u00bb0px\u00bb header_2_text_shadow_vertical_length_tablet=\u00bb0px\u00bb header_2_text_shadow_blur_strength_tablet=\u00bb1px\u00bb header_3_text_shadow_horizontal_length_tablet=\u00bb0px\u00bb header_3_text_shadow_vertical_length_tablet=\u00bb0px\u00bb header_3_text_shadow_blur_strength_tablet=\u00bb1px\u00bb header_4_text_shadow_horizontal_length_tablet=\u00bb0px\u00bb header_4_text_shadow_vertical_length_tablet=\u00bb0px\u00bb header_4_text_shadow_blur_strength_tablet=\u00bb1px\u00bb header_5_text_shadow_horizontal_length_tablet=\u00bb0px\u00bb header_5_text_shadow_vertical_length_tablet=\u00bb0px\u00bb header_5_text_shadow_blur_strength_tablet=\u00bb1px\u00bb header_6_text_shadow_horizontal_length_tablet=\u00bb0px\u00bb header_6_text_shadow_vertical_length_tablet=\u00bb0px\u00bb header_6_text_shadow_blur_strength_tablet=\u00bb1px\u00bb box_shadow_horizontal_tablet=\u00bb0px\u00bb box_shadow_vertical_tablet=\u00bb0px\u00bb box_shadow_blur_tablet=\u00bb40px\u00bb box_shadow_spread_tablet=\u00bb0px\u00bb global_colors_info=\u00bb{}\u00bb]<\/p>\n<p>ESPECIALISTAS EN<\/p>\n<p>[\/et_pb_text][et_pb_menu menu_id=\u00bb176&#8243; submenu_direction=\u00bbdownwards\u00bb module_class=\u00bbmenu-section\u00bb _builder_version=\u00bb4.0.11&#8243; background_color=\u00bbrgba(255,255,255,0)\u00bb z_index_tablet=\u00bb500&#8243; menu_text_shadow_horizontal_length_tablet=\u00bb0px\u00bb menu_text_shadow_vertical_length_tablet=\u00bb0px\u00bb menu_text_shadow_blur_strength_tablet=\u00bb1px\u00bb box_shadow_horizontal_tablet=\u00bb0px\u00bb box_shadow_vertical_tablet=\u00bb0px\u00bb box_shadow_blur_tablet=\u00bb40px\u00bb box_shadow_spread_tablet=\u00bb0px\u00bb box_shadow_horizontal_image_tablet=\u00bb0px\u00bb box_shadow_vertical_image_tablet=\u00bb0px\u00bb box_shadow_blur_image_tablet=\u00bb40px\u00bb box_shadow_spread_image_tablet=\u00bb0px\u00bb global_colors_info=\u00bb{}\u00bb][\/et_pb_menu][\/et_pb_column][et_pb_column type=\u00bb3_4&#8243; specialty_columns=\u00bb3&#8243; _builder_version=\u00bb3.25&#8243; custom_padding=\u00bb|||\u00bb global_colors_info=\u00bb{}\u00bb custom_padding__hover=\u00bb|||\u00bb][et_pb_row_inner admin_label=\u00bbFila\u00bb _builder_version=\u00bb4.0.11&#8243; custom_margin=\u00bb||0px||false|false\u00bb custom_padding=\u00bb||0px||false|false\u00bb z_index_tablet=\u00bb500&#8243; box_shadow_horizontal_tablet=\u00bb0px\u00bb box_shadow_vertical_tablet=\u00bb0px\u00bb box_shadow_blur_tablet=\u00bb40px\u00bb box_shadow_spread_tablet=\u00bb0px\u00bb locked=\u00bboff\u00bb global_colors_info=\u00bb{}\u00bb][et_pb_column_inner saved_specialty_column_type=\u00bb3_4&#8243; _builder_version=\u00bb3.0.47&#8243; custom_padding=\u00bb|||\u00bb custom_padding_tablet=\u00bb|||\u00bb custom_padding_phone=\u00bb|||\u00bb background_color_gradient_direction_tablet=\u00bb180deg\u00bb background_color_gradient_direction_phone=\u00bb180deg\u00bb background_color_gradient_start_position_tablet=\u00bb0%\u00bb background_color_gradient_start_position_phone=\u00bb0%\u00bb background_color_gradient_end_position_tablet=\u00bb100%\u00bb background_color_gradient_end_position_phone=\u00bb100%\u00bb z_index_tablet=\u00bb500&#8243; z_index_phone=\u00bb500&#8243; filter_hue_rotate_tablet=\u00bb0deg\u00bb filter_hue_rotate_phone=\u00bb0deg\u00bb filter_saturate_tablet=\u00bb100%\u00bb filter_saturate_phone=\u00bb100%\u00bb filter_brightness_tablet=\u00bb100%\u00bb filter_brightness_phone=\u00bb100%\u00bb filter_contrast_tablet=\u00bb100%\u00bb filter_contrast_phone=\u00bb100%\u00bb filter_invert_tablet=\u00bb0%\u00bb filter_invert_phone=\u00bb0%\u00bb filter_sepia_tablet=\u00bb0%\u00bb filter_sepia_phone=\u00bb0%\u00bb filter_opacity_tablet=\u00bb100%\u00bb filter_opacity_phone=\u00bb100%\u00bb filter_blur_tablet=\u00bb0px\u00bb filter_blur_phone=\u00bb0px\u00bb animation_duration_tablet=\u00bb1000ms\u00bb animation_duration_phone=\u00bb1000ms\u00bb animation_delay_tablet=\u00bb0ms\u00bb animation_delay_phone=\u00bb0ms\u00bb animation_intensity_slide_tablet=\u00bb50%\u00bb animation_intensity_slide_phone=\u00bb50%\u00bb animation_intensity_zoom_tablet=\u00bb50%\u00bb animation_intensity_zoom_phone=\u00bb50%\u00bb animation_intensity_flip_tablet=\u00bb50%\u00bb animation_intensity_flip_phone=\u00bb50%\u00bb animation_intensity_fold_tablet=\u00bb50%\u00bb animation_intensity_fold_phone=\u00bb50%\u00bb animation_intensity_roll_tablet=\u00bb50%\u00bb animation_intensity_roll_phone=\u00bb50%\u00bb animation_starting_opacity_tablet=\u00bb0%\u00bb animation_starting_opacity_phone=\u00bb0%\u00bb hover_transition_duration_tablet=\u00bb300ms\u00bb hover_transition_duration_phone=\u00bb300ms\u00bb hover_transition_delay_tablet=\u00bb0ms\u00bb hover_transition_delay_phone=\u00bb0ms\u00bb box_shadow_horizontal_tablet=\u00bb0px\u00bb box_shadow_horizontal_phone=\u00bb0px\u00bb box_shadow_vertical_tablet=\u00bb0px\u00bb box_shadow_vertical_phone=\u00bb0px\u00bb box_shadow_blur_tablet=\u00bb40px\u00bb box_shadow_blur_phone=\u00bb40px\u00bb box_shadow_spread_tablet=\u00bb0px\u00bb box_shadow_spread_phone=\u00bb0px\u00bb disabled=\u00bb%91object HTMLInputElement%93&#8243; global_colors_info=\u00bb{}\u00bb custom_padding__hover=\u00bb|||\u00bb][et_pb_text admin_label=\u00bbCiberseguridad OT +IT\u00bb _builder_version=\u00bb4.4.8&#8243; z_index_tablet=\u00bb500&#8243; text_text_shadow_horizontal_length_tablet=\u00bb0px\u00bb text_text_shadow_vertical_length_tablet=\u00bb0px\u00bb text_text_shadow_blur_strength_tablet=\u00bb1px\u00bb link_text_shadow_horizontal_length_tablet=\u00bb0px\u00bb link_text_shadow_vertical_length_tablet=\u00bb0px\u00bb link_text_shadow_blur_strength_tablet=\u00bb1px\u00bb ul_text_shadow_horizontal_length_tablet=\u00bb0px\u00bb ul_text_shadow_vertical_length_tablet=\u00bb0px\u00bb ul_text_shadow_blur_strength_tablet=\u00bb1px\u00bb ol_text_shadow_horizontal_length_tablet=\u00bb0px\u00bb ol_text_shadow_vertical_length_tablet=\u00bb0px\u00bb ol_text_shadow_blur_strength_tablet=\u00bb1px\u00bb quote_text_shadow_horizontal_length_tablet=\u00bb0px\u00bb quote_text_shadow_vertical_length_tablet=\u00bb0px\u00bb quote_text_shadow_blur_strength_tablet=\u00bb1px\u00bb header_text_shadow_horizontal_length_tablet=\u00bb0px\u00bb header_text_shadow_vertical_length_tablet=\u00bb0px\u00bb header_text_shadow_blur_strength_tablet=\u00bb1px\u00bb header_2_text_shadow_horizontal_length_tablet=\u00bb0px\u00bb header_2_text_shadow_vertical_length_tablet=\u00bb0px\u00bb header_2_text_shadow_blur_strength_tablet=\u00bb1px\u00bb header_3_text_shadow_horizontal_length_tablet=\u00bb0px\u00bb header_3_text_shadow_vertical_length_tablet=\u00bb0px\u00bb header_3_text_shadow_blur_strength_tablet=\u00bb1px\u00bb header_4_text_shadow_horizontal_length_tablet=\u00bb0px\u00bb header_4_text_shadow_vertical_length_tablet=\u00bb0px\u00bb header_4_text_shadow_blur_strength_tablet=\u00bb1px\u00bb header_5_text_shadow_horizontal_length_tablet=\u00bb0px\u00bb header_5_text_shadow_vertical_length_tablet=\u00bb0px\u00bb header_5_text_shadow_blur_strength_tablet=\u00bb1px\u00bb header_6_text_shadow_horizontal_length_tablet=\u00bb0px\u00bb header_6_text_shadow_vertical_length_tablet=\u00bb0px\u00bb header_6_text_shadow_blur_strength_tablet=\u00bb1px\u00bb box_shadow_horizontal_tablet=\u00bb0px\u00bb box_shadow_vertical_tablet=\u00bb0px\u00bb box_shadow_blur_tablet=\u00bb40px\u00bb box_shadow_spread_tablet=\u00bb0px\u00bb global_colors_info=\u00bb{}\u00bb]<\/p>\n<h2>Ciberseguridad OT + IT<\/h2>\n<p>[\/et_pb_text][\/et_pb_column_inner][\/et_pb_row_inner][et_pb_row_inner _builder_version=\u00bb4.4.8&#8243; global_colors_info=\u00bb{}\u00bb][et_pb_column_inner saved_specialty_column_type=\u00bb3_4&#8243; _builder_version=\u00bb4.4.8&#8243; global_colors_info=\u00bb{}\u00bb][et_pb_text admin_label=\u00bbPlantas industriales\u00bb _builder_version=\u00bb4.4.8&#8243; global_colors_info=\u00bb{}\u00bb]<\/p>\n<p>Plantas industriales, sistemas de gesti\u00f3n, m\u00e1quinas y equipos profesionales en remoto, servitizaci\u00f3n\u2026 La realidad de nuestros clientes es una\u00a0<strong>REALIDAD CONECTADA<\/strong>\u00a0y nos demandan distintos niveles de seguridad.<\/p>\n<p>En\u00a0<strong>LKS Next<\/strong>\u00a0contamos con una propuesta de valor que cubre todos aspectos de la<strong>\u00a0ciberseguridad<\/strong>, desde el an\u00e1lisis de\u00a0<b>riesgos legales\u00a0<\/b>y la implantaci\u00f3n de medidas de\u00a0<b>cumplimiento normativo<\/b>\u00a0hasta vigilancia y\u00a0<b>servicios gestionados<\/b>, pasando por\u00a0<b>planes directores<\/b>\u00a0y\u00a0<b>planes de continuidad.<\/b><\/p>\n<p>[\/et_pb_text][\/et_pb_column_inner][\/et_pb_row_inner][et_pb_row_inner _builder_version=\u00bb4.0.11&#8243; locked=\u00bboff\u00bb global_colors_info=\u00bb{}\u00bb][et_pb_column_inner saved_specialty_column_type=\u00bb3_4&#8243; _builder_version=\u00bb4.0.11&#8243; global_colors_info=\u00bb{}\u00bb][et_pb_image src=\u00bbhttps:\/\/www.lksnext.com\/wp-content\/uploads\/2020\/07\/Circulos-caste-1-e1631610722286.png\u00bb title_text=\u00bbCirculos caste\u00bb _builder_version=\u00bb4.4.8&#8243; global_colors_info=\u00bb{}\u00bb][\/et_pb_image][\/et_pb_column_inner][\/et_pb_row_inner][et_pb_row_inner use_custom_gutter=\u00bbon\u00bb gutter_width=\u00bb4&#8243; module_class=\u00bbindustria40&#8243; _builder_version=\u00bb4.0.11&#8243; locked=\u00bboff\u00bb global_colors_info=\u00bb{}\u00bb][et_pb_column_inner saved_specialty_column_type=\u00bb3_4&#8243; _builder_version=\u00bb4.0.11&#8243; global_colors_info=\u00bb{}\u00bb][et_pb_text admin_label=\u00bbNuestra plataforma\u00bb module_class=\u00bbindustria40-plataforma\u00bb _builder_version=\u00bb4.4.8&#8243; global_colors_info=\u00bb{}\u00bb]<\/p>\n<h4 style=\"text-align: center;\"><span style=\"color: #000000;\"><b>Con una visi\u00f3n 360\u00ba trabajamos en 5 l\u00edneas:\u00a0<\/b><\/span><\/h4>\n<h4 style=\"text-align: center;\">Compliance<\/h4>\n<h4 style=\"text-align: center;\">Procesos y gobierno IT<\/h4>\n<h4 style=\"text-align: center;\">Sistemas y seguridad IT<\/h4>\n<h4 style=\"text-align: center;\">Seguridad gestionada<\/h4>\n<h4 style=\"text-align: center;\">Ciberseguridad industrial<\/h4>\n<p>[\/et_pb_text][\/et_pb_column_inner][\/et_pb_row_inner][et_pb_row_inner module_class=\u00bbindustria40-pilares\u00bb _builder_version=\u00bb4.0.11&#8243; locked=\u00bboff\u00bb global_colors_info=\u00bb{}\u00bb][et_pb_column_inner saved_specialty_column_type=\u00bb3_4&#8243; _builder_version=\u00bb4.0.11&#8243; global_colors_info=\u00bb{}\u00bb][et_pb_text admin_label=\u00bbPara cada uno&#8230;\u00bb _builder_version=\u00bb4.4.8&#8243; global_colors_info=\u00bb{}\u00bb]<\/p>\n<h3>Para cada uno de estos \u00e1mbitos, ofrecemos servicios de:<\/h3>\n<p><strong>Formaci\u00f3n, auditor\u00eda, consultor\u00eda, ejecuci\u00f3n de proyectos, soporte y mantenimiento<\/strong> a todo tipo de empresas. Pero, nuestro trabajo no es solo reactivo, tambi\u00e9n de prevenci\u00f3n, concienciando a las empresas y a las personas de lo importante que es una correcta gesti\u00f3n de la seguridad de la informaci\u00f3n.<\/p>\n<h3>A trav\u00e9s de nuestro modelo de Seguridad 360\u00ba<\/h3>\n<p>Ofrecemos una <strong>cobertura completa<\/strong> al cliente, ayudando a las organizaciones a establecer un Sistema de Gesti\u00f3n de Seguridad de la Informaci\u00f3n basado en: la protecci\u00f3n de datos y el cumplimiento normativo; los procesos corporativos de seguridad; la seguridad inform\u00e1tica; y la seguridad gestionada a trav\u00e9s de nuestro Advanced SOC-CERT.<\/p>\n<p>[\/et_pb_text][et_pb_button button_url=\u00bbhttp:\/\/www.secureit.es\u00bb button_text=\u00bbVisita Secure &#038; IT\u00bb button_alignment=\u00bbcenter\u00bb _builder_version=\u00bb4.10.8&#8243; custom_button=\u00bbon\u00bb button_text_size=\u00bb28px\u00bb button_bg_color=\u00bb#e06100&#8243; background_layout=\u00bbdark\u00bb hover_enabled=\u00bb0&#8243; global_colors_info=\u00bb{}\u00bb sticky_enabled=\u00bb0&#8243; url_new_window=\u00bbon\u00bb][\/et_pb_button][\/et_pb_column_inner][\/et_pb_row_inner][et_pb_row_inner column_structure=\u00bb1_2,1_2&#8243; use_custom_gutter=\u00bbon\u00bb gutter_width=\u00bb4&#8243; module_class=\u00bbindustria40-soluciones-columnas\u00bb _builder_version=\u00bb4.0.11&#8243; locked=\u00bboff\u00bb global_colors_info=\u00bb{}\u00bb][et_pb_column_inner type=\u00bb1_2&#8243; saved_specialty_column_type=\u00bb3_4&#8243; _builder_version=\u00bb4.0.11&#8243; global_colors_info=\u00bb{}\u00bb][et_pb_text admin_label=\u00bbSeguridad Inform\u00e1tica\u00bb module_class=\u00bbtitle-underline\u00bb _builder_version=\u00bb4.4.8&#8243; global_colors_info=\u00bb{}\u00bb]<\/p>\n<h4 class=\"et_pb_module_header\">Seguridad Inform\u00e1tica<\/h4>\n<ul class=\"orange-round-bullet\">\n<li>Redes y Comunicaciones<\/li>\n<li>Seguridad de Puesto\/MDM<\/li>\n<li>Firewalles UTM\/NGFW<\/li>\n<li>Seguridad Correo y Bases de Datos\u00a0<\/li>\n<li>DNS Firewall<\/li>\n<li>Anti DDOS<\/li>\n<li>NAC<\/li>\n<li>PKI, Identidad Digital<\/li>\n<li>Sistemas industriales<\/li>\n<li>Granjas de servidores<\/li>\n<li>Web Firewall, WAF<\/li>\n<li>CASB<\/li>\n<li>DLP \/ IRM<\/li>\n<\/ul>\n<p>[\/et_pb_text][et_pb_text admin_label=\u00bbVigilancia de la seguridad\u00bb module_class=\u00bbtitle-underline\u00bb _builder_version=\u00bb4.4.8&#8243; global_colors_info=\u00bb{}\u00bb]<\/p>\n<h4 class=\"et_pb_module_header\">Vigilancia de la seguridad<\/h4>\n<ul class=\"orange-round-bullet\">\n<li>SOC-CERT<\/li>\n<li>Respuesta r\u00e1pida<\/li>\n<li>24 X 7 X 365<\/li>\n<li>Operaci\u00f3n ISO 27001<\/li>\n<li>Monitorizaci\u00f3n<\/li>\n<li>Control de pol\u00edticas<\/li>\n<li>SIEM \u2013 Alertas<\/li>\n<li>Copia de seguridad<\/li>\n<li>Seguridad CLOUD<\/li>\n<li>Sandboxing<\/li>\n<\/ul>\n<p>[\/et_pb_text][\/et_pb_column_inner][et_pb_column_inner type=\u00bb1_2&#8243; saved_specialty_column_type=\u00bb3_4&#8243; _builder_version=\u00bb4.0.11&#8243; global_colors_info=\u00bb{}\u00bb][et_pb_text admin_label=\u00bbProcesos corporativos\u00bb module_class=\u00bbtitle-underline\u00bb _builder_version=\u00bb4.10.8&#8243; global_colors_info=\u00bb{}\u00bb]<\/p>\n<h4>Procesos corporativos<\/h4>\n<ul class=\"orange-round-bullet\">\n<li>Auditor\u00eda de seguridad<\/li>\n<li>Planes Directores<\/li>\n<li>Hacking \u00e9tico<\/li>\n<li>An\u00e1lisis de Riesgos<\/li>\n<li>Consultor\u00eda Seguridad<\/li>\n<li>Procesos corporativos<\/li>\n<li>Dise\u00f1o de redes seguras<\/li>\n<li>Planes de Continuidad<\/li>\n<li>Formaci\u00f3n<\/li>\n<li>IEC 62443 \/ SGCI<\/li>\n<li>ISO 207001 \/ SGCI<\/li>\n<li>ISO 22301 \/ SGCN<\/li>\n<li>ISO 20000 \/ SGSTI<\/li>\n<\/ul>\n<p>[\/et_pb_text][et_pb_text admin_label=\u00bbCumplimiento normativo\u00bb module_class=\u00bbtitle-underline\u00bb _builder_version=\u00bb4.4.8&#8243; global_colors_info=\u00bb{}\u00bb]<\/p>\n<h4 class=\"et_pb_module_header\">Cumplimiento normativo<\/h4>\n<ul class=\"orange-round-bullet\">\n<li>Propiedad intelectual<\/li>\n<li>Comercio electr\u00f3nico<\/li>\n<li>Telecomunicaciones<\/li>\n<li>Firma electr\u00f3nica<\/li>\n<li>Contratos TICs<\/li>\n<li>Arbitraje y Mediaci\u00f3n<\/li>\n<li>Prevenci\u00f3n del delito<\/li>\n<li>PCI-DSS<\/li>\n<li>Esquema nacional ENS<\/li>\n<li>Peritajes judiciales<\/li>\n<\/ul>\n<p>[\/et_pb_text][\/et_pb_column_inner][\/et_pb_row_inner][et_pb_row_inner _builder_version=\u00bb4.4.8&#8243; global_colors_info=\u00bb{}\u00bb][et_pb_column_inner saved_specialty_column_type=\u00bb3_4&#8243; _builder_version=\u00bb4.4.8&#8243; global_colors_info=\u00bb{}\u00bb][et_pb_text _builder_version=\u00bb4.4.8&#8243; global_colors_info=\u00bb{}\u00bb]<\/p>\n<p>Contamos con una<b>\u00a0propuesta global<\/b>,\u00a0 llamada\u00a0<b>GOLD SECURITY<\/b> que les ofrece plena tranquilidad en claves de prevenci\u00f3n, intervenci\u00f3n y resoluci\u00f3n.<\/p>\n<p>Todo esto lo hacemos desde nuestra unidad especializada<strong>:\u00a0<\/strong><strong><a href=\"https:\/\/www.secureit.es\/\">Secure &amp; IT<\/a><\/strong><\/p>\n<p>[\/et_pb_text][et_pb_image src=\u00bbhttps:\/\/www.lksnext.com\/wp-content\/uploads\/2020\/06\/Ciber2.png\u00bb title_text=\u00bbCiber2&#8243; align=\u00bbcenter\u00bb _builder_version=\u00bb4.4.8&#8243; global_colors_info=\u00bb{}\u00bb][\/et_pb_image][\/et_pb_column_inner][\/et_pb_row_inner][et_pb_row_inner module_class=\u00bbespecialistas-contactar\u00bb _builder_version=\u00bb4.0.11&#8243; custom_margin=\u00bb40px||||false|false\u00bb locked=\u00bboff\u00bb global_colors_info=\u00bb{}\u00bb][et_pb_column_inner saved_specialty_column_type=\u00bb3_4&#8243; _builder_version=\u00bb4.0.11&#8243; global_colors_info=\u00bb{}\u00bb][et_pb_text admin_label=\u00bb\u00bfTienes alguna duda?\u00bb _builder_version=\u00bb4.4.8&#8243; global_module=\u00bb3544&#8243; saved_tabs=\u00bball\u00bb locked=\u00bboff\u00bb global_colors_info=\u00bb{}\u00bb]<\/p>\n<div class=\"wrap\">\n<h3>\u00bfQuieres poner en marcha este servicio?<\/h3>\n<p>Si tienes cualquier pregunta no dudes en consultarnos.<\/p>\n<\/div>\n<div class=\"boton-wrap\"><a class=\"boton naranja\" href=\"https:\/\/www.lksnext.com\/es\/contactar\/formulario-general\/\">Contactar<\/a><\/div>\n<p>[\/et_pb_text][\/et_pb_column_inner][\/et_pb_row_inner][\/et_pb_column][\/et_pb_section]<\/p>\n","protected":false},"excerpt":{"rendered":"<p>Ciberseguridad OT +ITESPECIALISTAS ENCiberseguridad OT + ITPlantas industriales, sistemas de gesti\u00f3n, m\u00e1quinas y equipos profesionales en remoto, servitizaci\u00f3n\u2026 La realidad de nuestros clientes es una\u00a0REALIDAD CONECTADA\u00a0y nos demandan distintos niveles de seguridad. En\u00a0LKS Next\u00a0contamos con una propuesta de valor que cubre todos aspectos de la\u00a0ciberseguridad, desde el an\u00e1lisis de\u00a0riesgos legales\u00a0y la implantaci\u00f3n de medidas de\u00a0cumplimiento [&hellip;]<\/p>\n","protected":false},"author":2,"featured_media":0,"parent":39,"menu_order":10,"comment_status":"closed","ping_status":"closed","template":"","meta":{"_acf_changed":false,"_et_pb_use_builder":"on","_et_pb_old_content":"","_et_gb_content_width":"","inline_featured_image":false,"footnotes":""},"class_list":["post-12411","page","type-page","status-publish","hentry"],"acf":[],"_links":{"self":[{"href":"https:\/\/www.lksnext.com\/es\/wp-json\/wp\/v2\/pages\/12411","targetHints":{"allow":["GET"]}}],"collection":[{"href":"https:\/\/www.lksnext.com\/es\/wp-json\/wp\/v2\/pages"}],"about":[{"href":"https:\/\/www.lksnext.com\/es\/wp-json\/wp\/v2\/types\/page"}],"author":[{"embeddable":true,"href":"https:\/\/www.lksnext.com\/es\/wp-json\/wp\/v2\/users\/2"}],"replies":[{"embeddable":true,"href":"https:\/\/www.lksnext.com\/es\/wp-json\/wp\/v2\/comments?post=12411"}],"version-history":[{"count":0,"href":"https:\/\/www.lksnext.com\/es\/wp-json\/wp\/v2\/pages\/12411\/revisions"}],"up":[{"embeddable":true,"href":"https:\/\/www.lksnext.com\/es\/wp-json\/wp\/v2\/pages\/39"}],"wp:attachment":[{"href":"https:\/\/www.lksnext.com\/es\/wp-json\/wp\/v2\/media?parent=12411"}],"curies":[{"name":"wp","href":"https:\/\/api.w.org\/{rel}","templated":true}]}}