{"id":143,"date":"2019-12-16T13:40:23","date_gmt":"2019-12-16T13:40:23","guid":{"rendered":"http:\/\/www.lksnext.com\/?page_id=143"},"modified":"2023-11-23T13:38:59","modified_gmt":"2023-11-23T12:38:59","slug":"politica-de-cookies","status":"publish","type":"page","link":"https:\/\/www.lksnext.com\/es\/politica-de-cookies\/","title":{"rendered":"Pol\u00edtica de cookies"},"content":{"rendered":"<p>[et_pb_section fb_built=\u00bb1&#8243; module_class=\u00bbheader-section conoce\u00bb _builder_version=\u00bb4.16&#8243; background_position=\u00bbtop_center\u00bb custom_margin=\u00bb0px|0px|0px|0px\u00bb custom_padding=\u00bb0px|0px|0px|0px\u00bb z_index_tablet=\u00bb500&#8243; box_shadow_horizontal_tablet=\u00bb0px\u00bb box_shadow_vertical_tablet=\u00bb0px\u00bb box_shadow_blur_tablet=\u00bb40px\u00bb box_shadow_spread_tablet=\u00bb0px\u00bb locked=\u00bboff\u00bb global_colors_info=\u00bb{}\u00bb][et_pb_row _builder_version=\u00bb4.16&#8243; width=\u00bb100%\u00bb max_width=\u00bb100%\u00bb z_index_tablet=\u00bb500&#8243; box_shadow_horizontal_tablet=\u00bb0px\u00bb box_shadow_vertical_tablet=\u00bb0px\u00bb box_shadow_blur_tablet=\u00bb40px\u00bb box_shadow_spread_tablet=\u00bb0px\u00bb global_colors_info=\u00bb{}\u00bb][et_pb_column type=\u00bb4_4&#8243; _builder_version=\u00bb4.16&#8243; custom_padding=\u00bb|||\u00bb global_colors_info=\u00bb{}\u00bb custom_padding__hover=\u00bb|||\u00bb][et_pb_text admin_label=\u00bbP\u00f3litica de cookies\u00bb module_class=\u00bbheader-title\u00bb _builder_version=\u00bb4.16&#8243; z_index_tablet=\u00bb500&#8243; text_text_shadow_horizontal_length_tablet=\u00bb0px\u00bb text_text_shadow_vertical_length_tablet=\u00bb0px\u00bb text_text_shadow_blur_strength_tablet=\u00bb1px\u00bb link_text_shadow_horizontal_length_tablet=\u00bb0px\u00bb link_text_shadow_vertical_length_tablet=\u00bb0px\u00bb link_text_shadow_blur_strength_tablet=\u00bb1px\u00bb ul_text_shadow_horizontal_length_tablet=\u00bb0px\u00bb ul_text_shadow_vertical_length_tablet=\u00bb0px\u00bb ul_text_shadow_blur_strength_tablet=\u00bb1px\u00bb ol_text_shadow_horizontal_length_tablet=\u00bb0px\u00bb ol_text_shadow_vertical_length_tablet=\u00bb0px\u00bb ol_text_shadow_blur_strength_tablet=\u00bb1px\u00bb quote_text_shadow_horizontal_length_tablet=\u00bb0px\u00bb quote_text_shadow_vertical_length_tablet=\u00bb0px\u00bb quote_text_shadow_blur_strength_tablet=\u00bb1px\u00bb header_text_shadow_horizontal_length_tablet=\u00bb0px\u00bb header_text_shadow_vertical_length_tablet=\u00bb0px\u00bb header_text_shadow_blur_strength_tablet=\u00bb1px\u00bb header_2_text_shadow_horizontal_length_tablet=\u00bb0px\u00bb header_2_text_shadow_vertical_length_tablet=\u00bb0px\u00bb header_2_text_shadow_blur_strength_tablet=\u00bb1px\u00bb header_3_text_shadow_horizontal_length_tablet=\u00bb0px\u00bb header_3_text_shadow_vertical_length_tablet=\u00bb0px\u00bb header_3_text_shadow_blur_strength_tablet=\u00bb1px\u00bb header_4_text_shadow_horizontal_length_tablet=\u00bb0px\u00bb header_4_text_shadow_vertical_length_tablet=\u00bb0px\u00bb header_4_text_shadow_blur_strength_tablet=\u00bb1px\u00bb header_5_text_shadow_horizontal_length_tablet=\u00bb0px\u00bb header_5_text_shadow_vertical_length_tablet=\u00bb0px\u00bb header_5_text_shadow_blur_strength_tablet=\u00bb1px\u00bb header_6_text_shadow_horizontal_length_tablet=\u00bb0px\u00bb header_6_text_shadow_vertical_length_tablet=\u00bb0px\u00bb header_6_text_shadow_blur_strength_tablet=\u00bb1px\u00bb box_shadow_horizontal_tablet=\u00bb0px\u00bb box_shadow_vertical_tablet=\u00bb0px\u00bb box_shadow_blur_tablet=\u00bb40px\u00bb box_shadow_spread_tablet=\u00bb0px\u00bb global_colors_info=\u00bb{}\u00bb]<\/p>\n<h1>P\u00f3litica de cookies<\/h1>\n<p>[\/et_pb_text][\/et_pb_column][\/et_pb_row][\/et_pb_section][et_pb_section fb_built=\u00bb1&#8243; use_custom_gutter=\u00bbon\u00bb gutter_width=\u00bb2&#8243; specialty=\u00bbon\u00bb background_color_1=\u00bb#fafafa\u00bb background_color_2=\u00bb#ffffff\u00bb module_class_1=\u00bbleft-column\u00bb module_class_2=\u00bbcontent-column\u00bb module_class=\u00bbcontent-container-inner\u00bb _builder_version=\u00bb4.16&#8243; background_color=\u00bbrgba(255,255,255,0)\u00bb z_index_tablet=\u00bb500&#8243; box_shadow_horizontal_tablet=\u00bb0px\u00bb box_shadow_vertical_tablet=\u00bb0px\u00bb box_shadow_blur_tablet=\u00bb40px\u00bb box_shadow_spread_tablet=\u00bb0px\u00bb locked=\u00bboff\u00bb global_colors_info=\u00bb{}\u00bb custom_margin__hover_enabled=\u00bbon|desktop\u00bb][et_pb_column type=\u00bb1_4&#8243; _builder_version=\u00bb4.16&#8243; custom_padding=\u00bb|||\u00bb global_colors_info=\u00bb{}\u00bb custom_padding__hover=\u00bb|||\u00bb][et_pb_menu menu_id=\u00bb5&#8243; submenu_direction=\u00bbdownwards\u00bb module_class=\u00bbmenu-section\u00bb _builder_version=\u00bb4.16&#8243; background_color=\u00bbrgba(255,255,255,0)\u00bb z_index_tablet=\u00bb500&#8243; menu_text_shadow_horizontal_length_tablet=\u00bb0px\u00bb menu_text_shadow_vertical_length_tablet=\u00bb0px\u00bb menu_text_shadow_blur_strength_tablet=\u00bb1px\u00bb box_shadow_horizontal_tablet=\u00bb0px\u00bb box_shadow_vertical_tablet=\u00bb0px\u00bb box_shadow_blur_tablet=\u00bb40px\u00bb box_shadow_spread_tablet=\u00bb0px\u00bb box_shadow_horizontal_image_tablet=\u00bb0px\u00bb box_shadow_vertical_image_tablet=\u00bb0px\u00bb box_shadow_blur_image_tablet=\u00bb40px\u00bb box_shadow_spread_image_tablet=\u00bb0px\u00bb global_colors_info=\u00bb{}\u00bb]<\/p>\n<p>[\/et_pb_menu][\/et_pb_column][et_pb_column type=\u00bb3_4&#8243; specialty_columns=\u00bb3&#8243; _builder_version=\u00bb4.16&#8243; custom_padding=\u00bb|||\u00bb global_colors_info=\u00bb{}\u00bb custom_padding__hover=\u00bb|||\u00bb][et_pb_row_inner admin_label=\u00bbFila\u00bb _builder_version=\u00bb4.16&#8243; z_index_tablet=\u00bb500&#8243; box_shadow_horizontal_tablet=\u00bb0px\u00bb box_shadow_vertical_tablet=\u00bb0px\u00bb box_shadow_blur_tablet=\u00bb40px\u00bb box_shadow_spread_tablet=\u00bb0px\u00bb global_colors_info=\u00bb{}\u00bb column_structure=\u00bbundefined\u00bb][et_pb_column_inner type=\u00bbundefined\u00bb saved_specialty_column_type=\u00bb3_4&#8243; _builder_version=\u00bb3.0.47&#8243; custom_padding=\u00bb|||\u00bb custom_padding_tablet=\u00bb|||\u00bb custom_padding_phone=\u00bb|||\u00bb background_color_gradient_direction_tablet=\u00bb180deg\u00bb background_color_gradient_direction_phone=\u00bb180deg\u00bb background_color_gradient_start_position_tablet=\u00bb0%\u00bb background_color_gradient_start_position_phone=\u00bb0%\u00bb background_color_gradient_end_position_tablet=\u00bb100%\u00bb background_color_gradient_end_position_phone=\u00bb100%\u00bb z_index_tablet=\u00bb500&#8243; z_index_phone=\u00bb500&#8243; filter_hue_rotate_tablet=\u00bb0deg\u00bb filter_hue_rotate_phone=\u00bb0deg\u00bb filter_saturate_tablet=\u00bb100%\u00bb filter_saturate_phone=\u00bb100%\u00bb filter_brightness_tablet=\u00bb100%\u00bb filter_brightness_phone=\u00bb100%\u00bb filter_contrast_tablet=\u00bb100%\u00bb filter_contrast_phone=\u00bb100%\u00bb filter_invert_tablet=\u00bb0%\u00bb filter_invert_phone=\u00bb0%\u00bb filter_sepia_tablet=\u00bb0%\u00bb filter_sepia_phone=\u00bb0%\u00bb filter_opacity_tablet=\u00bb100%\u00bb filter_opacity_phone=\u00bb100%\u00bb filter_blur_tablet=\u00bb0px\u00bb filter_blur_phone=\u00bb0px\u00bb animation_duration_tablet=\u00bb1000ms\u00bb animation_duration_phone=\u00bb1000ms\u00bb animation_delay_tablet=\u00bb0ms\u00bb animation_delay_phone=\u00bb0ms\u00bb animation_intensity_slide_tablet=\u00bb50%\u00bb animation_intensity_slide_phone=\u00bb50%\u00bb animation_intensity_zoom_tablet=\u00bb50%\u00bb animation_intensity_zoom_phone=\u00bb50%\u00bb animation_intensity_flip_tablet=\u00bb50%\u00bb animation_intensity_flip_phone=\u00bb50%\u00bb animation_intensity_fold_tablet=\u00bb50%\u00bb animation_intensity_fold_phone=\u00bb50%\u00bb animation_intensity_roll_tablet=\u00bb50%\u00bb animation_intensity_roll_phone=\u00bb50%\u00bb animation_starting_opacity_tablet=\u00bb0%\u00bb animation_starting_opacity_phone=\u00bb0%\u00bb hover_transition_duration_tablet=\u00bb300ms\u00bb hover_transition_duration_phone=\u00bb300ms\u00bb hover_transition_delay_tablet=\u00bb0ms\u00bb hover_transition_delay_phone=\u00bb0ms\u00bb box_shadow_horizontal_tablet=\u00bb0px\u00bb box_shadow_horizontal_phone=\u00bb0px\u00bb box_shadow_vertical_tablet=\u00bb0px\u00bb box_shadow_vertical_phone=\u00bb0px\u00bb box_shadow_blur_tablet=\u00bb40px\u00bb box_shadow_blur_phone=\u00bb40px\u00bb box_shadow_spread_tablet=\u00bb0px\u00bb box_shadow_spread_phone=\u00bb0px\u00bb disabled=\u00bb%91object HTMLInputElement%93&#8243; global_colors_info=\u00bb{}\u00bb custom_padding__hover=\u00bb|||\u00bb][et_pb_text admin_label=\u00bb\u00bfQu\u00e9 son las cookies?\u00bb module_class=\u00bbpolitica-cookies\u00bb _builder_version=\u00bb4.23.1&#8243; vertical_offset_tablet=\u00bb0&#8243; horizontal_offset_tablet=\u00bb0&#8243; hover_enabled=\u00bb0&#8243; z_index_tablet=\u00bb500&#8243; text_text_shadow_horizontal_length_tablet=\u00bb0px\u00bb text_text_shadow_vertical_length_tablet=\u00bb0px\u00bb text_text_shadow_blur_strength_tablet=\u00bb1px\u00bb link_text_shadow_horizontal_length_tablet=\u00bb0px\u00bb link_text_shadow_vertical_length_tablet=\u00bb0px\u00bb link_text_shadow_blur_strength_tablet=\u00bb1px\u00bb ul_text_shadow_horizontal_length_tablet=\u00bb0px\u00bb ul_text_shadow_vertical_length_tablet=\u00bb0px\u00bb ul_text_shadow_blur_strength_tablet=\u00bb1px\u00bb ol_text_shadow_horizontal_length_tablet=\u00bb0px\u00bb ol_text_shadow_vertical_length_tablet=\u00bb0px\u00bb ol_text_shadow_blur_strength_tablet=\u00bb1px\u00bb quote_text_shadow_horizontal_length_tablet=\u00bb0px\u00bb quote_text_shadow_vertical_length_tablet=\u00bb0px\u00bb quote_text_shadow_blur_strength_tablet=\u00bb1px\u00bb header_text_shadow_horizontal_length_tablet=\u00bb0px\u00bb header_text_shadow_vertical_length_tablet=\u00bb0px\u00bb header_text_shadow_blur_strength_tablet=\u00bb1px\u00bb header_2_text_shadow_horizontal_length_tablet=\u00bb0px\u00bb header_2_text_shadow_vertical_length_tablet=\u00bb0px\u00bb header_2_text_shadow_blur_strength_tablet=\u00bb1px\u00bb header_3_text_shadow_horizontal_length_tablet=\u00bb0px\u00bb header_3_text_shadow_vertical_length_tablet=\u00bb0px\u00bb header_3_text_shadow_blur_strength_tablet=\u00bb1px\u00bb header_4_text_shadow_horizontal_length_tablet=\u00bb0px\u00bb header_4_text_shadow_vertical_length_tablet=\u00bb0px\u00bb header_4_text_shadow_blur_strength_tablet=\u00bb1px\u00bb header_5_text_shadow_horizontal_length_tablet=\u00bb0px\u00bb header_5_text_shadow_vertical_length_tablet=\u00bb0px\u00bb header_5_text_shadow_blur_strength_tablet=\u00bb1px\u00bb header_6_text_shadow_horizontal_length_tablet=\u00bb0px\u00bb header_6_text_shadow_vertical_length_tablet=\u00bb0px\u00bb header_6_text_shadow_blur_strength_tablet=\u00bb1px\u00bb box_shadow_horizontal_tablet=\u00bb0px\u00bb box_shadow_vertical_tablet=\u00bb0px\u00bb box_shadow_blur_tablet=\u00bb40px\u00bb box_shadow_spread_tablet=\u00bb0px\u00bb global_colors_info=\u00bb{}\u00bb sticky_enabled=\u00bb0&#8243;]<\/p>\n<h2>Pol\u00edtica de cookies de la web de Lksnext.com<\/h2>\n<p>Puedes consultar y configurar las cookies accediendo aqu\u00ed al Panel de Configuraci\u00f3n.<\/p>\n<p><button class=\"js-show-cookie-modal boton naranja\">Configurar cookies<\/button><\/p>\n<h2>\u00bfQu\u00e9 son las cookies?<\/h2>\n<p>Este sitio web utiliza cookies y\/o tecnolog\u00edas similares que almacenan y recuperan informaci\u00f3n en el navegador del usuario y que permiten obtener informaci\u00f3n relativa a su navegaci\u00f3n con diversas finalidades. Los usos concretos que hacemos de estas tecnolog\u00edas se describen a continuaci\u00f3n.<\/p>\n<h2>Tipos de cookies y finalidades para las que usamos las cookies<\/h2>\n<p>En este sitio web utilizamos cookies propias (titularidad de LKS, S.COOP y generadas desde este propio dominio), as\u00ed como cookies de terceros (gestionadas por terceros y generadas generalmente desde el dominio del tercero correspondiente). Algunas de estas cookies son de sesi\u00f3n (almacenan y recuperan informaci\u00f3n mientras el usuario accede al sitio web, y se eliminan al concluir la sesi\u00f3n) y otras persistentes (de duraci\u00f3n superior, que puede ir de unos minutos a varios a\u00f1os).<\/p>\n<p>El usuario puede informarse de las transferencias a terceros pa\u00edses que, en su caso, realizan los terceros identificados en esta pol\u00edtica de cookies en sus correspondientes pol\u00edticas (ver los enlaces facilitados en el apartado \u201cCookies de terceros\u201d).<\/p>\n<h3>Cookies propias<\/h3>\n<h4>Cookies t\u00e9cnicas<\/h4>\n<p>Estas cookies son necesarias para que la p\u00e1gina web funcione, por lo que no se pueden desactivar. Por lo general, solo se configuran en respuesta a sus acciones realizadas al solicitar servicios, como establecer sus preferencias de privacidad, iniciar sesi\u00f3n o completar formularios, en ning\u00fan caso almacenan informaci\u00f3n de identificaci\u00f3n personal. En caso de que el usuario configure su navegador para bloquear estas cookies, la p\u00e1gina web no funcionar\u00eda correctamente.<\/p>\n<h4><span style=\"font-size: 22px;\"><br \/>\nCookies de terceros<\/span><\/h4>\n<h4>Cookies t\u00e9cnicas<\/h4>\n<p>Estas cookies son necesarias para que la p\u00e1gina web funcione, por lo que no se pueden desactivar. Por lo general, solo se configuran en respuesta a sus acciones realizadas al solicitar servicios, como establecer sus preferencias de privacidad, iniciar sesi\u00f3n o completar formularios, en ning\u00fan caso almacenan informaci\u00f3n de identificaci\u00f3n personal. En caso de que el usuario configure su navegador para bloquear estas cookies, la p\u00e1gina web no funcionar\u00eda correctamente.<\/p>\n<table>\n<thead>\n<tr>\n<th scope=\"col\">Proveedor<\/th>\n<th scope=\"col\">Plazo de conservaci\u00f3n<\/th>\n<th scope=\"col\">M\u00e1s informaci\u00f3n<\/th>\n<\/tr>\n<\/thead>\n<tbody>\n<tr>\n<th scope=\"row\">hCaptcha<\/th>\n<td>Hasta 30 d\u00edas<\/td>\n<td>\n<ul>\n<li><a href=\"https:\/\/www.hcaptcha.com\/privacy\" target=\"_blank\" rel=\"noopener noreferrer\">C\u00f3mo utiliza hCaptcha las cookies<\/a><\/li>\n<\/ul>\n<\/td>\n<\/tr>\n<\/tbody>\n<\/table>\n<h4>Cookies de an\u00e1lisis<\/h4>\n<p>Ayudan a los propietarios de p\u00e1ginas web a comprender c\u00f3mo interact\u00faan los visitantes con las p\u00e1ginas web reuniendo y proporcionando informaci\u00f3n de forma an\u00f3nima.<\/p>\n<table>\n<thead>\n<tr>\n<th scope=\"col\">Proveedor<\/th>\n<th scope=\"col\">Plazo de conservaci\u00f3n<\/th>\n<th scope=\"col\">M\u00e1s informaci\u00f3n<\/th>\n<\/tr>\n<\/thead>\n<tbody>\n<tr>\n<th scope=\"row\">Google<\/th>\n<td>24 meses<\/td>\n<td>\n<ul>\n<li><a href=\"https:\/\/policies.google.com\/technologies\/cookies?hl=es\" target=\"_blank\" rel=\"noopener noreferrer\">C\u00f3mo utiliza Google las cookies<\/a><\/li>\n<li><a href=\"https:\/\/policies.google.com\/technologies\/cookies?hl=es#types-of-cookies\" target=\"_blank\" rel=\"noopener noreferrer\">Tipos de cookies que utiliza Google<\/a><\/li>\n<li><a href=\"https:\/\/developers.google.com\/analytics\/devguides\/collection\/analyticsjs\/cookie-usage?hl=es\" target=\"_blank\" rel=\"noopener noreferrer\">Informaci\u00f3n sobre Google Analytics<\/a><\/li>\n<\/ul>\n<\/td>\n<\/tr>\n<\/tbody>\n<\/table>\n<h4>Cookies de publicidad comportamental<\/h4>\n<p>Permiten analizar los h\u00e1bitos de navegaci\u00f3n en Internet del usuario para que podamos mostrarle publicidad relacionada con su perfil de navegaci\u00f3n.<\/p>\n<table>\n<thead>\n<tr>\n<th style=\"width: 69.25px;\" scope=\"col\">Proveedor<\/th>\n<th style=\"width: 150.953px;\" scope=\"col\">Plazo de conservaci\u00f3n<\/th>\n<th style=\"width: 205.5px;\" scope=\"col\">M\u00e1s informaci\u00f3n<\/th>\n<\/tr>\n<\/thead>\n<tbody>\n<tr>\n<th style=\"width: 69.25px;\" scope=\"row\">YouTube<\/th>\n<td style=\"width: 150.953px;\">Persistente<\/td>\n<td style=\"width: 205.5px;\">\n<ul>\n<li><a href=\"https:\/\/policies.google.com\/technologies\/types?hl=es\" target=\"_blank\" rel=\"noopener noreferrer\">YouTube: m\u00e1s informaci\u00f3n<\/a><\/li>\n<\/ul>\n<\/td>\n<\/tr>\n<\/tbody>\n<\/table>\n<h2>\u00bfC\u00f3mo desactivar o eliminar las cookies?<\/h2>\n<p>El usuario puede, en cualquier momento, aceptar, configurar y rechazar las cookies propias desde el <a href=\"#\">panel de configuraci\u00f3n<\/a>.<\/p>\n<p>Se debe tener en cuenta que, si el usuario acepta las cookies de terceros, deber\u00e1 eliminarlas desde las opciones del navegador o desde el sistema ofrecido por el propio tercero.<\/p>\n<p>A continuaci\u00f3n, incluimos las instrucciones facilitadas por algunos navegadores:<\/p>\n<ul>\n<li><a href=\"https:\/\/support.google.com\/chrome\/answer\/95647?hl=es\" target=\"_blank\" rel=\"noopener noreferrer\">Google Chrome<\/a><\/li>\n<li><a href=\"https:\/\/support.mozilla.org\/es\/kb\/cookies-informacion-que-los-sitios-web-guardan-en-\" target=\"_blank\" rel=\"noopener noreferrer\">Mozilla Firefox<\/a><\/li>\n<li><a href=\"https:\/\/support.microsoft.com\/es-es\/help\/4027947\/microsoft-edge-delete-cookies\" target=\"_blank\" rel=\"noopener noreferrer\">Microsoft Edge<\/a><\/li>\n<li><a href=\"https:\/\/support.apple.com\/es-es\/guide\/safari\/sfri11471\/mac\" target=\"_blank\" rel=\"noopener noreferrer\">Safari<\/a><\/li>\n<\/ul>\n<p>Algunos terceros tambi\u00e9n facilitan sistemas de rechazo (opt-out) u otras soluciones:<\/p>\n<ul>\n<li>Facebook:\n<ul>\n<li><a href=\"https:\/\/www.facebook.com\/ads\/preferences\/edit\/\" target=\"_blank\" rel=\"noopener noreferrer\">Preferencias de anuncios<\/a><\/li>\n<li><a href=\"https:\/\/www.facebook.com\/ads\/settings\" target=\"_blank\" rel=\"noopener noreferrer\">Configuraci\u00f3n de anuncios<\/a><\/li>\n<\/ul>\n<\/li>\n<li>Google:\n<ul>\n<li><a href=\"https:\/\/tools.google.com\/dlpage\/gaoptout?hl=None\" target=\"_blank\" rel=\"noopener noreferrer\">Complemento de inhabilitaci\u00f3n de Google Analytics<\/a><\/li>\n<li><a href=\"https:\/\/adssettings.google.com\/?hl=es\" target=\"_blank\" rel=\"noopener noreferrer\">Desactivar personalizaci\u00f3n de anuncios<\/a><\/li>\n<li><a href=\"https:\/\/chrome.google.com\/webstore\/detail\/iba-opt-out-by-google\/gbiekjoijknlhijdjbaadobpkdhmoebb?hl=es\" target=\"_blank\" rel=\"noopener noreferrer\">Extensi\u00f3n de Google Chrome para opt-out de las cookies publicitarias de DoubleClick<\/a><\/li>\n<\/ul>\n<\/li>\n<li>Twitter:\n<ul>\n<li><a href=\"https:\/\/twitter.com\/settings\/account\/personalization\" target=\"_blank\" rel=\"noopener noreferrer\">Opt-out\u00a0de personalizaci\u00f3n de anuncios<\/a><\/li>\n<\/ul>\n<\/li>\n<li>Adobe:\n<ul>\n<li><a href=\"https:\/\/www.adobe.com\/es\/privacy\/cookies.html\" target=\"_blank\" rel=\"noopener noreferrer\">Centro de privacidad de Adobe<\/a><\/li>\n<\/ul>\n<\/li>\n<\/ul>\n<p>Si el usuario acepta el uso de cookies y luego lo rechaza, algunas de estas cookies permanecer\u00e1n instaladas en su dispositivo. Si desea eliminarlas, podr\u00e1 hacerlo desde su navegador, seg\u00fan se indica m\u00e1s arriba en este mismo apartado.<\/p>\n<h2>Actualizaciones y cambios en la Pol\u00edtica de Cookies<\/h2>\n<p>LKS, S.COOP puede modificar esta Pol\u00edtica de Cookies en funci\u00f3n de nuevas exigencias legislativas, reglamentarias, o con la finalidad de adaptar dicha pol\u00edtica a las instrucciones dictadas por la Agencia Espa\u00f1ola de Protecci\u00f3n de Datos.<\/p>\n<p>Cuando se produzcan cambios significativos en esta Pol\u00edtica de Cookies se comunicar\u00e1 al usuario y, en caso necesario, se solicitar\u00e1 su consentimiento para el uso de las cookies.[\/et_pb_text][\/et_pb_column_inner][\/et_pb_row_inner][\/et_pb_column][\/et_pb_section]<\/p>\n","protected":false},"excerpt":{"rendered":"<p>P\u00f3litica de cookies Pol\u00edtica de cookies de la web de Lksnext.com Puedes consultar y configurar las cookies accediendo aqu\u00ed al Panel de Configuraci\u00f3n. Configurar cookies \u00bfQu\u00e9 son las cookies? Este sitio web utiliza cookies y\/o tecnolog\u00edas similares que almacenan y recuperan informaci\u00f3n en el navegador del usuario y que permiten obtener informaci\u00f3n relativa a su [&hellip;]<\/p>\n","protected":false},"author":1,"featured_media":0,"parent":0,"menu_order":110,"comment_status":"closed","ping_status":"closed","template":"","meta":{"_acf_changed":false,"_et_pb_use_builder":"on","_et_pb_old_content":"","_et_gb_content_width":"","inline_featured_image":false,"footnotes":""},"class_list":["post-143","page","type-page","status-publish","hentry"],"acf":[],"_links":{"self":[{"href":"https:\/\/www.lksnext.com\/es\/wp-json\/wp\/v2\/pages\/143","targetHints":{"allow":["GET"]}}],"collection":[{"href":"https:\/\/www.lksnext.com\/es\/wp-json\/wp\/v2\/pages"}],"about":[{"href":"https:\/\/www.lksnext.com\/es\/wp-json\/wp\/v2\/types\/page"}],"author":[{"embeddable":true,"href":"https:\/\/www.lksnext.com\/es\/wp-json\/wp\/v2\/users\/1"}],"replies":[{"embeddable":true,"href":"https:\/\/www.lksnext.com\/es\/wp-json\/wp\/v2\/comments?post=143"}],"version-history":[{"count":0,"href":"https:\/\/www.lksnext.com\/es\/wp-json\/wp\/v2\/pages\/143\/revisions"}],"wp:attachment":[{"href":"https:\/\/www.lksnext.com\/es\/wp-json\/wp\/v2\/media?parent=143"}],"curies":[{"name":"wp","href":"https:\/\/api.w.org\/{rel}","templated":true}]}}