{"id":37437,"date":"2025-11-03T17:00:33","date_gmt":"2025-11-03T16:00:33","guid":{"rendered":"https:\/\/www.lksnext.com\/?page_id=37437"},"modified":"2025-11-03T17:00:40","modified_gmt":"2025-11-03T16:00:40","slug":"proyecto-comunicoop","status":"publish","type":"page","link":"https:\/\/www.lksnext.com\/es\/publicaciones\/proyecto-comunicoop\/","title":{"rendered":"Proyecto COMUNICOOP"},"content":{"rendered":"<p>[et_pb_section fb_built=\u00bb1&#8243; module_class=\u00bbheader-section prensa\u00bb _builder_version=\u00bb4.16&#8243; background_position=\u00bbtop_center\u00bb custom_margin=\u00bb0px|0px|0px|0px\u00bb custom_padding=\u00bb0px|0px|0px|0px\u00bb z_index_tablet=\u00bb500&#8243; box_shadow_horizontal_tablet=\u00bb0px\u00bb box_shadow_vertical_tablet=\u00bb0px\u00bb box_shadow_blur_tablet=\u00bb40px\u00bb box_shadow_spread_tablet=\u00bb0px\u00bb locked=\u00bboff\u00bb global_colors_info=\u00bb{}\u00bb][et_pb_row _builder_version=\u00bb4.16&#8243; width=\u00bb100%\u00bb max_width=\u00bb100%\u00bb custom_margin=\u00bb||50px||false|false\u00bb custom_padding=\u00bb||0px||false|false\u00bb z_index_tablet=\u00bb500&#8243; box_shadow_horizontal_tablet=\u00bb0px\u00bb box_shadow_vertical_tablet=\u00bb0px\u00bb box_shadow_blur_tablet=\u00bb40px\u00bb box_shadow_spread_tablet=\u00bb0px\u00bb global_colors_info=\u00bb{}\u00bb][et_pb_column type=\u00bb4_4&#8243; _builder_version=\u00bb4.16&#8243; custom_padding=\u00bb|||\u00bb global_colors_info=\u00bb{}\u00bb custom_padding__hover=\u00bb|||\u00bb][\/et_pb_column][\/et_pb_row][\/et_pb_section][et_pb_section fb_built=\u00bb1&#8243; use_custom_gutter=\u00bbon\u00bb gutter_width=\u00bb2&#8243; specialty=\u00bbon\u00bb background_color_1=\u00bb#fafafa\u00bb background_color_2=\u00bb#ffffff\u00bb module_class_1=\u00bbbanner-container left-column\u00bb module_class_2=\u00bbcontent-column\u00bb module_class=\u00bbcontent-container-inner\u00bb _builder_version=\u00bb4.16&#8243; background_color=\u00bbrgba(255,255,255,0)\u00bb z_index_tablet=\u00bb500&#8243; box_shadow_horizontal_tablet=\u00bb0px\u00bb box_shadow_vertical_tablet=\u00bb0px\u00bb box_shadow_blur_tablet=\u00bb40px\u00bb box_shadow_spread_tablet=\u00bb0px\u00bb locked=\u00bboff\u00bb global_colors_info=\u00bb{}\u00bb][et_pb_column type=\u00bb1_4&#8243; _builder_version=\u00bb4.16&#8243; custom_padding=\u00bb|||\u00bb global_colors_info=\u00bb{}\u00bb custom_padding__hover=\u00bb|||\u00bb][et_pb_text admin_label=\u00bbPUBLICACIONES\u00bb module_class=\u00bbmenu-section-title\u00bb _builder_version=\u00bb4.16&#8243; z_index_tablet=\u00bb500&#8243; text_text_shadow_horizontal_length_tablet=\u00bb0px\u00bb text_text_shadow_vertical_length_tablet=\u00bb0px\u00bb text_text_shadow_blur_strength_tablet=\u00bb1px\u00bb link_text_shadow_horizontal_length_tablet=\u00bb0px\u00bb link_text_shadow_vertical_length_tablet=\u00bb0px\u00bb link_text_shadow_blur_strength_tablet=\u00bb1px\u00bb ul_text_shadow_horizontal_length_tablet=\u00bb0px\u00bb ul_text_shadow_vertical_length_tablet=\u00bb0px\u00bb ul_text_shadow_blur_strength_tablet=\u00bb1px\u00bb ol_text_shadow_horizontal_length_tablet=\u00bb0px\u00bb ol_text_shadow_vertical_length_tablet=\u00bb0px\u00bb ol_text_shadow_blur_strength_tablet=\u00bb1px\u00bb quote_text_shadow_horizontal_length_tablet=\u00bb0px\u00bb quote_text_shadow_vertical_length_tablet=\u00bb0px\u00bb quote_text_shadow_blur_strength_tablet=\u00bb1px\u00bb header_text_shadow_horizontal_length_tablet=\u00bb0px\u00bb header_text_shadow_vertical_length_tablet=\u00bb0px\u00bb header_text_shadow_blur_strength_tablet=\u00bb1px\u00bb header_2_text_shadow_horizontal_length_tablet=\u00bb0px\u00bb header_2_text_shadow_vertical_length_tablet=\u00bb0px\u00bb header_2_text_shadow_blur_strength_tablet=\u00bb1px\u00bb header_3_text_shadow_horizontal_length_tablet=\u00bb0px\u00bb header_3_text_shadow_vertical_length_tablet=\u00bb0px\u00bb header_3_text_shadow_blur_strength_tablet=\u00bb1px\u00bb header_4_text_shadow_horizontal_length_tablet=\u00bb0px\u00bb header_4_text_shadow_vertical_length_tablet=\u00bb0px\u00bb header_4_text_shadow_blur_strength_tablet=\u00bb1px\u00bb header_5_text_shadow_horizontal_length_tablet=\u00bb0px\u00bb header_5_text_shadow_vertical_length_tablet=\u00bb0px\u00bb header_5_text_shadow_blur_strength_tablet=\u00bb1px\u00bb header_6_text_shadow_horizontal_length_tablet=\u00bb0px\u00bb header_6_text_shadow_vertical_length_tablet=\u00bb0px\u00bb header_6_text_shadow_blur_strength_tablet=\u00bb1px\u00bb box_shadow_horizontal_tablet=\u00bb0px\u00bb box_shadow_vertical_tablet=\u00bb0px\u00bb box_shadow_blur_tablet=\u00bb40px\u00bb box_shadow_spread_tablet=\u00bb0px\u00bb global_colors_info=\u00bb{}\u00bb]<\/p>\n<p>PUBLICACIONES<\/p>\n<p>[\/et_pb_text][et_pb_menu menu_id=\u00bb168&#8243; submenu_direction=\u00bbdownwards\u00bb module_class=\u00bbmenu-section\u00bb _builder_version=\u00bb4.16&#8243; background_color=\u00bbrgba(255,255,255,0)\u00bb z_index_tablet=\u00bb500&#8243; menu_text_shadow_horizontal_length_tablet=\u00bb0px\u00bb menu_text_shadow_vertical_length_tablet=\u00bb0px\u00bb menu_text_shadow_blur_strength_tablet=\u00bb1px\u00bb box_shadow_horizontal_tablet=\u00bb0px\u00bb box_shadow_vertical_tablet=\u00bb0px\u00bb box_shadow_blur_tablet=\u00bb40px\u00bb box_shadow_spread_tablet=\u00bb0px\u00bb box_shadow_horizontal_image_tablet=\u00bb0px\u00bb box_shadow_vertical_image_tablet=\u00bb0px\u00bb box_shadow_blur_image_tablet=\u00bb40px\u00bb box_shadow_spread_image_tablet=\u00bb0px\u00bb global_colors_info=\u00bb{}\u00bb][\/et_pb_menu][\/et_pb_column][et_pb_column type=\u00bb3_4&#8243; specialty_columns=\u00bb3&#8243; _builder_version=\u00bb4.16&#8243; custom_padding=\u00bb|||\u00bb global_colors_info=\u00bb{}\u00bb custom_padding__hover=\u00bb|||\u00bb][et_pb_row_inner admin_label=\u00bbRow\u00bb _builder_version=\u00bb4.16&#8243; custom_margin=\u00bb||50px||false|false\u00bb custom_padding=\u00bb||0px||false|false\u00bb global_colors_info=\u00bb{}\u00bb][et_pb_column_inner saved_specialty_column_type=\u00bb3_4&#8243; _builder_version=\u00bb4.15&#8243; custom_padding=\u00bb|||\u00bb global_colors_info=\u00bb{}\u00bb custom_padding__hover=\u00bb|||\u00bb][et_pb_text admin_label=\u00bbListado de proyecto\u00bb module_class=\u00bbprensa-filtro\u00bb _builder_version=\u00bb4.27.4&#8243; hover_enabled=\u00bb0&#8243; z_index_tablet=\u00bb500&#8243; text_text_shadow_horizontal_length_tablet=\u00bb0px\u00bb text_text_shadow_vertical_length_tablet=\u00bb0px\u00bb text_text_shadow_blur_strength_tablet=\u00bb1px\u00bb link_text_shadow_horizontal_length_tablet=\u00bb0px\u00bb link_text_shadow_vertical_length_tablet=\u00bb0px\u00bb link_text_shadow_blur_strength_tablet=\u00bb1px\u00bb ul_text_shadow_horizontal_length_tablet=\u00bb0px\u00bb ul_text_shadow_vertical_length_tablet=\u00bb0px\u00bb ul_text_shadow_blur_strength_tablet=\u00bb1px\u00bb ol_text_shadow_horizontal_length_tablet=\u00bb0px\u00bb ol_text_shadow_vertical_length_tablet=\u00bb0px\u00bb ol_text_shadow_blur_strength_tablet=\u00bb1px\u00bb quote_text_shadow_horizontal_length_tablet=\u00bb0px\u00bb quote_text_shadow_vertical_length_tablet=\u00bb0px\u00bb quote_text_shadow_blur_strength_tablet=\u00bb1px\u00bb header_text_shadow_horizontal_length_tablet=\u00bb0px\u00bb header_text_shadow_vertical_length_tablet=\u00bb0px\u00bb header_text_shadow_blur_strength_tablet=\u00bb1px\u00bb header_2_text_shadow_horizontal_length_tablet=\u00bb0px\u00bb header_2_text_shadow_vertical_length_tablet=\u00bb0px\u00bb header_2_text_shadow_blur_strength_tablet=\u00bb1px\u00bb header_3_text_shadow_horizontal_length_tablet=\u00bb0px\u00bb header_3_text_shadow_vertical_length_tablet=\u00bb0px\u00bb header_3_text_shadow_blur_strength_tablet=\u00bb1px\u00bb header_4_text_shadow_horizontal_length_tablet=\u00bb0px\u00bb header_4_text_shadow_vertical_length_tablet=\u00bb0px\u00bb header_4_text_shadow_blur_strength_tablet=\u00bb1px\u00bb header_5_text_shadow_horizontal_length_tablet=\u00bb0px\u00bb header_5_text_shadow_vertical_length_tablet=\u00bb0px\u00bb header_5_text_shadow_blur_strength_tablet=\u00bb1px\u00bb header_6_text_shadow_horizontal_length_tablet=\u00bb0px\u00bb header_6_text_shadow_vertical_length_tablet=\u00bb0px\u00bb header_6_text_shadow_blur_strength_tablet=\u00bb1px\u00bb box_shadow_horizontal_tablet=\u00bb0px\u00bb box_shadow_vertical_tablet=\u00bb0px\u00bb box_shadow_blur_tablet=\u00bb40px\u00bb box_shadow_spread_tablet=\u00bb0px\u00bb global_colors_info=\u00bb{}\u00bb sticky_enabled=\u00bb0&#8243;]<\/p>\n<h1><strong>Proyecto COMUNICOOP<\/strong><\/h1>\n<p>[\/et_pb_text][et_pb_text _builder_version=\u00bb4.27.4&#8243; _module_preset=\u00bbdefault\u00bb hover_enabled=\u00bb0&#8243; global_colors_info=\u00bb{}\u00bb sticky_enabled=\u00bb0&#8243;]<\/p>\n<h2><strong>Proyecto COMUNICOOP<\/strong><\/h2>\n<p><strong>COMUNICOOP<\/strong> es un proyecto de investigaci\u00f3n, innovaci\u00f3n y transformaci\u00f3n impulsado por una <strong>agrupaci\u00f3n de seis empresas cooperativas<\/strong>, unidas por un prop\u00f3sito com\u00fan: <strong>modernizar la comunicaci\u00f3n interna<\/strong> de las organizaciones de la econom\u00eda social mediante el desarrollo de <strong>nuevas metodolog\u00edas, herramientas digitales y soluciones tecnol\u00f3gicas colaborativas<\/strong>, que soporten el despliegue de Estrategias efectivas de Digitalizaci\u00f3n que mejoren la Comunicaci\u00f3n Interna de las empresas cooperativas.<\/p>\n<p>El objetivo principal de COMUNICOOP es <strong>mejorar la comunicaci\u00f3n interna en las cooperativas<\/strong>, entendida no solo como canal informativo, sino como <strong>eje estrat\u00e9gico de participaci\u00f3n, bienestar, transparencia y cultura organizativa<\/strong>.<\/p>\n<p>A trav\u00e9s de la investigaci\u00f3n aplicada, la digitalizaci\u00f3n y la inteligencia artificial \u00e9tica, el proyecto busca <strong>crear modelos innovadores que fortalezcan el sentido de pertenencia, la eficiencia colectiva y el liderazgo cooperativo<\/strong>.<\/p>\n<p><strong>Una alianza de seis cooperativas con vocaci\u00f3n transformadora<\/strong><\/p>\n<p>En el proyecto participan seis cooperativas de referencia en los \u00e1mbitos de la comunicaci\u00f3n, la innovaci\u00f3n, la educaci\u00f3n, la ingenier\u00eda y el desarrollo tecnol\u00f3gico:<\/p>\n<ul>\n<li><strong>ARTEMAN Coop,<\/strong> &#8211; Empresa cooperativa, especializada en la prestaci\u00f3n de servicios de comunicaci\u00f3n, especialmente de car\u00e1cter interna.<\/li>\n<li><strong>LKS S. Coop.<\/strong> \u2013 Cooperativa matriz de un grupo de empresas que ofrecen <strong>servicios empresariales avanzados<\/strong> en transformaci\u00f3n organizativa y digital.<\/li>\n<li><strong>MISE S. Coop.<\/strong> \u2013 Cooperativa de segundo grado vinculada a la <strong>Corporaci\u00f3n MONDRAGON<\/strong>, que agrupa empresas del sector de la ingenier\u00eda y los servicios empresariales.<\/li>\n<li><strong>ISEA S. Coop.<\/strong> \u2013 Centro de investigaci\u00f3n y excelencia en <strong>innovaci\u00f3n y competitividad empresarial<\/strong>, especializado en servicios avanzados y emprendimiento.<\/li>\n<li><strong>HUHEZI S. Coop.<\/strong> \u2013 Facultad de Humanidades, Ciencias de la Educaci\u00f3n y Audiovisuales de <strong>Mondragon Unibertsitatea<\/strong>, cooperativa de trabajo asociado con amplia trayectoria en educaci\u00f3n y comunicaci\u00f3n.<\/li>\n<li><strong>ADUR S. Coop.<\/strong> \u2013 PYME guipuzcoana especializada en el <strong>desarrollo de software y soluciones digitales<\/strong> orientadas a la colaboraci\u00f3n y la gesti\u00f3n de procesos.<\/li>\n<\/ul>\n<p>El proyecto COMUNICOOP ha sido financiado por el <strong>Plan Integral de Impulso a la Econom\u00eda Social para la Generaci\u00f3n de un Tejido Econ\u00f3mico Inclusivo y Sostenible<\/strong>, dentro del <strong>Plan de Recuperaci\u00f3n, Transformaci\u00f3n y Resiliencia (PRTR)<\/strong>, financiado por la Uni\u00f3n Europea, <em>NextGenerationEU<\/em>.<\/p>\n<p><img loading=\"lazy\" decoding=\"async\" class=\"wp-image-37440 aligncenter \" src=\"https:\/\/www.lksnext.com\/wp-content\/uploads\/2025\/11\/Imagen1.png\" alt=\"\" width=\"1079\" height=\"80\" srcset=\"https:\/\/www.lksnext.com\/wp-content\/uploads\/2025\/11\/Imagen1.png 1079w, https:\/\/www.lksnext.com\/wp-content\/uploads\/2025\/11\/Imagen1-480x36.png 480w\" sizes=\"(min-width: 0px) and (max-width: 480px) 480px, (min-width: 481px) 1079px, 100vw\" \/><\/p>\n<p>[\/et_pb_text][\/et_pb_column_inner][\/et_pb_row_inner][\/et_pb_column][\/et_pb_section]<\/p>\n","protected":false},"excerpt":{"rendered":"<p>PUBLICACIONESProyecto COMUNICOOPProyecto COMUNICOOP COMUNICOOP es un proyecto de investigaci\u00f3n, innovaci\u00f3n y transformaci\u00f3n impulsado por una agrupaci\u00f3n de seis empresas cooperativas, unidas por un prop\u00f3sito com\u00fan: modernizar la comunicaci\u00f3n interna de las organizaciones de la econom\u00eda social mediante el desarrollo de nuevas metodolog\u00edas, herramientas digitales y soluciones tecnol\u00f3gicas colaborativas, que soporten el despliegue de Estrategias efectivas [&hellip;]<\/p>\n","protected":false},"author":2,"featured_media":0,"parent":4469,"menu_order":0,"comment_status":"closed","ping_status":"closed","template":"","meta":{"_acf_changed":false,"_et_pb_use_builder":"on","_et_pb_old_content":"","_et_gb_content_width":"","inline_featured_image":false,"footnotes":""},"class_list":["post-37437","page","type-page","status-publish","hentry"],"acf":[],"_links":{"self":[{"href":"https:\/\/www.lksnext.com\/es\/wp-json\/wp\/v2\/pages\/37437","targetHints":{"allow":["GET"]}}],"collection":[{"href":"https:\/\/www.lksnext.com\/es\/wp-json\/wp\/v2\/pages"}],"about":[{"href":"https:\/\/www.lksnext.com\/es\/wp-json\/wp\/v2\/types\/page"}],"author":[{"embeddable":true,"href":"https:\/\/www.lksnext.com\/es\/wp-json\/wp\/v2\/users\/2"}],"replies":[{"embeddable":true,"href":"https:\/\/www.lksnext.com\/es\/wp-json\/wp\/v2\/comments?post=37437"}],"version-history":[{"count":4,"href":"https:\/\/www.lksnext.com\/es\/wp-json\/wp\/v2\/pages\/37437\/revisions"}],"predecessor-version":[{"id":37447,"href":"https:\/\/www.lksnext.com\/es\/wp-json\/wp\/v2\/pages\/37437\/revisions\/37447"}],"up":[{"embeddable":true,"href":"https:\/\/www.lksnext.com\/es\/wp-json\/wp\/v2\/pages\/4469"}],"wp:attachment":[{"href":"https:\/\/www.lksnext.com\/es\/wp-json\/wp\/v2\/media?parent=37437"}],"curies":[{"name":"wp","href":"https:\/\/api.w.org\/{rel}","templated":true}]}}