{"id":40126,"date":"2026-05-05T14:57:30","date_gmt":"2026-05-05T12:57:30","guid":{"rendered":"https:\/\/www.lksnext.com\/?page_id=40126"},"modified":"2026-05-05T15:07:57","modified_gmt":"2026-05-05T13:07:57","slug":"proyectos-sedia","status":"publish","type":"page","link":"https:\/\/www.lksnext.com\/es\/publicaciones\/proyectos-sedia\/","title":{"rendered":"Proyectos SEDIA"},"content":{"rendered":"<p>[et_pb_section fb_built=\u00bb1&#8243; module_class=\u00bbheader-section prensa\u00bb _builder_version=\u00bb4.16&#8243; background_position=\u00bbtop_center\u00bb custom_margin=\u00bb0px|0px|0px|0px\u00bb custom_padding=\u00bb0px|0px|0px|0px\u00bb z_index_tablet=\u00bb500&#8243; box_shadow_horizontal_tablet=\u00bb0px\u00bb box_shadow_vertical_tablet=\u00bb0px\u00bb box_shadow_blur_tablet=\u00bb40px\u00bb box_shadow_spread_tablet=\u00bb0px\u00bb locked=\u00bboff\u00bb global_colors_info=\u00bb{}\u00bb][et_pb_row _builder_version=\u00bb4.16&#8243; width=\u00bb100%\u00bb max_width=\u00bb100%\u00bb custom_margin=\u00bb||50px||false|false\u00bb custom_padding=\u00bb||0px||false|false\u00bb z_index_tablet=\u00bb500&#8243; box_shadow_horizontal_tablet=\u00bb0px\u00bb box_shadow_vertical_tablet=\u00bb0px\u00bb box_shadow_blur_tablet=\u00bb40px\u00bb box_shadow_spread_tablet=\u00bb0px\u00bb global_colors_info=\u00bb{}\u00bb][et_pb_column type=\u00bb4_4&#8243; _builder_version=\u00bb4.16&#8243; custom_padding=\u00bb|||\u00bb global_colors_info=\u00bb{}\u00bb custom_padding__hover=\u00bb|||\u00bb][\/et_pb_column][\/et_pb_row][\/et_pb_section][et_pb_section fb_built=\u00bb1&#8243; use_custom_gutter=\u00bbon\u00bb gutter_width=\u00bb2&#8243; specialty=\u00bbon\u00bb background_color_1=\u00bb#fafafa\u00bb background_color_2=\u00bb#ffffff\u00bb module_class_1=\u00bbbanner-container left-column\u00bb module_class_2=\u00bbcontent-column\u00bb module_class=\u00bbcontent-container-inner\u00bb _builder_version=\u00bb4.16&#8243; background_color=\u00bbrgba(255,255,255,0)\u00bb z_index_tablet=\u00bb500&#8243; box_shadow_horizontal_tablet=\u00bb0px\u00bb box_shadow_vertical_tablet=\u00bb0px\u00bb box_shadow_blur_tablet=\u00bb40px\u00bb box_shadow_spread_tablet=\u00bb0px\u00bb locked=\u00bboff\u00bb global_colors_info=\u00bb{}\u00bb][et_pb_column type=\u00bb1_4&#8243; _builder_version=\u00bb4.16&#8243; custom_padding=\u00bb|||\u00bb global_colors_info=\u00bb{}\u00bb custom_padding__hover=\u00bb|||\u00bb][et_pb_text admin_label=\u00bbPUBLICACIONES\u00bb module_class=\u00bbmenu-section-title\u00bb _builder_version=\u00bb4.16&#8243; z_index_tablet=\u00bb500&#8243; text_text_shadow_horizontal_length_tablet=\u00bb0px\u00bb text_text_shadow_vertical_length_tablet=\u00bb0px\u00bb text_text_shadow_blur_strength_tablet=\u00bb1px\u00bb link_text_shadow_horizontal_length_tablet=\u00bb0px\u00bb link_text_shadow_vertical_length_tablet=\u00bb0px\u00bb link_text_shadow_blur_strength_tablet=\u00bb1px\u00bb ul_text_shadow_horizontal_length_tablet=\u00bb0px\u00bb ul_text_shadow_vertical_length_tablet=\u00bb0px\u00bb ul_text_shadow_blur_strength_tablet=\u00bb1px\u00bb ol_text_shadow_horizontal_length_tablet=\u00bb0px\u00bb ol_text_shadow_vertical_length_tablet=\u00bb0px\u00bb ol_text_shadow_blur_strength_tablet=\u00bb1px\u00bb quote_text_shadow_horizontal_length_tablet=\u00bb0px\u00bb quote_text_shadow_vertical_length_tablet=\u00bb0px\u00bb quote_text_shadow_blur_strength_tablet=\u00bb1px\u00bb header_text_shadow_horizontal_length_tablet=\u00bb0px\u00bb header_text_shadow_vertical_length_tablet=\u00bb0px\u00bb header_text_shadow_blur_strength_tablet=\u00bb1px\u00bb header_2_text_shadow_horizontal_length_tablet=\u00bb0px\u00bb header_2_text_shadow_vertical_length_tablet=\u00bb0px\u00bb header_2_text_shadow_blur_strength_tablet=\u00bb1px\u00bb header_3_text_shadow_horizontal_length_tablet=\u00bb0px\u00bb header_3_text_shadow_vertical_length_tablet=\u00bb0px\u00bb header_3_text_shadow_blur_strength_tablet=\u00bb1px\u00bb header_4_text_shadow_horizontal_length_tablet=\u00bb0px\u00bb header_4_text_shadow_vertical_length_tablet=\u00bb0px\u00bb header_4_text_shadow_blur_strength_tablet=\u00bb1px\u00bb header_5_text_shadow_horizontal_length_tablet=\u00bb0px\u00bb header_5_text_shadow_vertical_length_tablet=\u00bb0px\u00bb header_5_text_shadow_blur_strength_tablet=\u00bb1px\u00bb header_6_text_shadow_horizontal_length_tablet=\u00bb0px\u00bb header_6_text_shadow_vertical_length_tablet=\u00bb0px\u00bb header_6_text_shadow_blur_strength_tablet=\u00bb1px\u00bb box_shadow_horizontal_tablet=\u00bb0px\u00bb box_shadow_vertical_tablet=\u00bb0px\u00bb box_shadow_blur_tablet=\u00bb40px\u00bb box_shadow_spread_tablet=\u00bb0px\u00bb global_colors_info=\u00bb{}\u00bb]<\/p>\n<p>PUBLICACIONES<\/p>\n<p>[\/et_pb_text][et_pb_menu menu_id=\u00bb168&#8243; submenu_direction=\u00bbdownwards\u00bb module_class=\u00bbmenu-section\u00bb _builder_version=\u00bb4.16&#8243; background_color=\u00bbrgba(255,255,255,0)\u00bb z_index_tablet=\u00bb500&#8243; menu_text_shadow_horizontal_length_tablet=\u00bb0px\u00bb menu_text_shadow_vertical_length_tablet=\u00bb0px\u00bb menu_text_shadow_blur_strength_tablet=\u00bb1px\u00bb box_shadow_horizontal_tablet=\u00bb0px\u00bb box_shadow_vertical_tablet=\u00bb0px\u00bb box_shadow_blur_tablet=\u00bb40px\u00bb box_shadow_spread_tablet=\u00bb0px\u00bb box_shadow_horizontal_image_tablet=\u00bb0px\u00bb box_shadow_vertical_image_tablet=\u00bb0px\u00bb box_shadow_blur_image_tablet=\u00bb40px\u00bb box_shadow_spread_image_tablet=\u00bb0px\u00bb global_colors_info=\u00bb{}\u00bb][\/et_pb_menu][\/et_pb_column][et_pb_column type=\u00bb3_4&#8243; specialty_columns=\u00bb3&#8243; _builder_version=\u00bb4.16&#8243; custom_padding=\u00bb|||\u00bb global_colors_info=\u00bb{}\u00bb custom_padding__hover=\u00bb|||\u00bb][et_pb_row_inner admin_label=\u00bbRow\u00bb _builder_version=\u00bb4.16&#8243; custom_margin=\u00bb||50px||false|false\u00bb custom_padding=\u00bb||0px||false|false\u00bb global_colors_info=\u00bb{}\u00bb][et_pb_column_inner saved_specialty_column_type=\u00bb3_4&#8243; _builder_version=\u00bb4.15&#8243; custom_padding=\u00bb|||\u00bb global_colors_info=\u00bb{}\u00bb custom_padding__hover=\u00bb|||\u00bb][et_pb_text admin_label=\u00bbListado de proyecto\u00bb module_class=\u00bbprensa-filtro\u00bb _builder_version=\u00bb4.27.6&#8243; z_index_tablet=\u00bb500&#8243; text_text_shadow_horizontal_length_tablet=\u00bb0px\u00bb text_text_shadow_vertical_length_tablet=\u00bb0px\u00bb text_text_shadow_blur_strength_tablet=\u00bb1px\u00bb link_text_shadow_horizontal_length_tablet=\u00bb0px\u00bb link_text_shadow_vertical_length_tablet=\u00bb0px\u00bb link_text_shadow_blur_strength_tablet=\u00bb1px\u00bb ul_text_shadow_horizontal_length_tablet=\u00bb0px\u00bb ul_text_shadow_vertical_length_tablet=\u00bb0px\u00bb ul_text_shadow_blur_strength_tablet=\u00bb1px\u00bb ol_text_shadow_horizontal_length_tablet=\u00bb0px\u00bb ol_text_shadow_vertical_length_tablet=\u00bb0px\u00bb ol_text_shadow_blur_strength_tablet=\u00bb1px\u00bb quote_text_shadow_horizontal_length_tablet=\u00bb0px\u00bb quote_text_shadow_vertical_length_tablet=\u00bb0px\u00bb quote_text_shadow_blur_strength_tablet=\u00bb1px\u00bb header_text_shadow_horizontal_length_tablet=\u00bb0px\u00bb header_text_shadow_vertical_length_tablet=\u00bb0px\u00bb header_text_shadow_blur_strength_tablet=\u00bb1px\u00bb header_2_text_shadow_horizontal_length_tablet=\u00bb0px\u00bb header_2_text_shadow_vertical_length_tablet=\u00bb0px\u00bb header_2_text_shadow_blur_strength_tablet=\u00bb1px\u00bb header_3_text_shadow_horizontal_length_tablet=\u00bb0px\u00bb header_3_text_shadow_vertical_length_tablet=\u00bb0px\u00bb header_3_text_shadow_blur_strength_tablet=\u00bb1px\u00bb header_4_text_shadow_horizontal_length_tablet=\u00bb0px\u00bb header_4_text_shadow_vertical_length_tablet=\u00bb0px\u00bb header_4_text_shadow_blur_strength_tablet=\u00bb1px\u00bb header_5_text_shadow_horizontal_length_tablet=\u00bb0px\u00bb header_5_text_shadow_vertical_length_tablet=\u00bb0px\u00bb header_5_text_shadow_blur_strength_tablet=\u00bb1px\u00bb header_6_text_shadow_horizontal_length_tablet=\u00bb0px\u00bb header_6_text_shadow_vertical_length_tablet=\u00bb0px\u00bb header_6_text_shadow_blur_strength_tablet=\u00bb1px\u00bb box_shadow_horizontal_tablet=\u00bb0px\u00bb box_shadow_vertical_tablet=\u00bb0px\u00bb box_shadow_blur_tablet=\u00bb40px\u00bb box_shadow_spread_tablet=\u00bb0px\u00bb global_colors_info=\u00bb{}\u00bb]<\/p>\n<h1><strong>Proyectos SEDIA<\/strong><\/h1>\n<p>[\/et_pb_text][et_pb_text _builder_version=\u00bb4.27.6&#8243; _module_preset=\u00bbdefault\u00bb hover_enabled=\u00bb0&#8243; global_colors_info=\u00bb{}\u00bb sticky_enabled=\u00bb0&#8243;]<\/p>\n<h2><strong>ZAINDATA<\/strong><\/h2>\n<ul type=\"disc\">\n<li class=\"x_MsoListParagraph\" data-olk-copy-source=\"MessageBody\">Proyecto: ZAINDATA: puente de datos para el cuidado unificado de las personas<\/li>\n<li class=\"x_MsoListParagraph\">N\u00ba Expediente: TSI-100121-2024-0020<\/li>\n<\/ul>\n<p><strong>ZAINDATA<\/strong> tiene como finalidad dise\u00f1ar y validar una infraestructura federada de compartici\u00f3n de datos en el \u00e1mbito sociosanitario, orientada a mejorar la interoperabilidad entre entidades p\u00fablicas, privadas y sociales vinculadas a la atenci\u00f3n y los cuidados. El proyecto aborda la fragmentaci\u00f3n actual de la informaci\u00f3n mediante un espacio de datos seguro, soberano e interoperable, alineado con marcos europeos como GAIA-X e IDSA, y basado en principios de privacidad, trazabilidad, control de acceso y reutilizaci\u00f3n responsable de los datos.<\/p>\n<p class=\"x_MsoListParagraph\">A trav\u00e9s de esta iniciativa se busca habilitar nuevos escenarios de colaboraci\u00f3n en torno a datos de dependencia, atenci\u00f3n temprana, teleasistencia y coordinaci\u00f3n sociosanitaria, facilitando que los distintos actores puedan compartir informaci\u00f3n bajo reglas claras de gobernanza y seguridad. ZAINDATA permitir\u00e1 contrastar casos de uso reales, explorar modelos de explotaci\u00f3n sostenibles y generar conocimiento t\u00e9cnico aplicable a futuros espacios de datos en el sector de la econom\u00eda social y de los cuidados.<\/p>\n<p><span lang=\"EN-US\">Web:\u00a0<\/span><a title=\"https:\/\/www.zaindata.es\/\" href=\"https:\/\/www.zaindata.es\/\" data-auth=\"NotApplicable\" data-linkindex=\"1\"><span lang=\"EN-US\">https:\/\/www.zaindata.es\/<\/span><\/a><span lang=\"EN-US\"><br \/>X:\u00a0<\/span><a title=\"https:\/\/x.com\/zaindata_ds\" href=\"https:\/\/x.com\/zaindata_ds\" data-auth=\"NotApplicable\" data-linkindex=\"2\"><span lang=\"EN-US\">https:\/\/x.com\/zaindata_ds<\/span><\/a><img loading=\"lazy\" decoding=\"async\" class=\"wp-image-40133 aligncenter size-full\" src=\"https:\/\/www.lksnext.com\/wp-content\/uploads\/2026\/05\/Diseno-sin-titulo1-e1777985284230.png\" alt=\"\" width=\"4\" height=\"4\" \/><img loading=\"lazy\" decoding=\"async\" class=\"wp-image-40137 aligncenter \" src=\"https:\/\/www.lksnext.com\/wp-content\/uploads\/2026\/05\/Diseno-sin-titulo2.png\" alt=\"\" width=\"1016\" height=\"77\" srcset=\"https:\/\/www.lksnext.com\/wp-content\/uploads\/2026\/05\/Diseno-sin-titulo2.png 1016w, https:\/\/www.lksnext.com\/wp-content\/uploads\/2026\/05\/Diseno-sin-titulo2-480x36.png 480w\" sizes=\"(min-width: 0px) and (max-width: 480px) 480px, (min-width: 481px) 1016px, 100vw\" \/><\/p>\n<p>&nbsp;<\/p>\n<p>[\/et_pb_text][et_pb_text _builder_version=\u00bb4.27.6&#8243; _module_preset=\u00bbdefault\u00bb hover_enabled=\u00bb0&#8243; global_colors_info=\u00bb{}\u00bb sticky_enabled=\u00bb0&#8243;]<\/p>\n<h2><strong>ZAINDATA NEXT<\/strong><\/h2>\n<ul>\n<li>Proyecto: ZAINDATA NEXT: ampliando los horizontes del cuidado sociosanitario<\/li>\n<li>N\u00ba Expediente: TSI-100123-2024-0054<\/li>\n<\/ul>\n<p><strong>ZAINDATA Next<\/strong> es un proyecto orientado a ampliar y consolidar un espacio de datos sociosanitario colaborativo, seguro e interoperable, dirigido a mejorar la calidad, coordinaci\u00f3n y personalizaci\u00f3n de los servicios de atenci\u00f3n y cuidados. La iniciativa se enmarca en la segunda convocatoria del programa de ayudas para espacios de datos sectoriales, en la l\u00ednea de casos de uso, y da continuidad a una estrategia centrada en la soberan\u00eda del dato, la interoperabilidad entre entidades y la generaci\u00f3n de nuevos servicios digitales en el \u00e1mbito sociosanitario.<\/p>\n<p><img loading=\"lazy\" decoding=\"async\" class=\"wp-image-40133 aligncenter size-full\" src=\"https:\/\/www.lksnext.com\/wp-content\/uploads\/2026\/05\/Diseno-sin-titulo1-e1777985284230.png\" alt=\"\" width=\"4\" height=\"4\" \/><img loading=\"lazy\" decoding=\"async\" class=\"wp-image-40137 aligncenter \" src=\"https:\/\/www.lksnext.com\/wp-content\/uploads\/2026\/05\/Diseno-sin-titulo2.png\" alt=\"\" width=\"1016\" height=\"77\" srcset=\"https:\/\/www.lksnext.com\/wp-content\/uploads\/2026\/05\/Diseno-sin-titulo2.png 1016w, https:\/\/www.lksnext.com\/wp-content\/uploads\/2026\/05\/Diseno-sin-titulo2-480x36.png 480w\" sizes=\"(min-width: 0px) and (max-width: 480px) 480px, (min-width: 481px) 1016px, 100vw\" \/><\/p>\n<p>&nbsp;<\/p>\n<p>[\/et_pb_text][et_pb_text _builder_version=\u00bb4.27.6&#8243; _module_preset=\u00bbdefault\u00bb hover_enabled=\u00bb0&#8243; global_colors_info=\u00bb{}\u00bb sticky_enabled=\u00bb0&#8243;]<\/p>\n<h2><strong>ESAUTO-X<\/strong><\/h2>\n<ul>\n<li class=\"x_MsoListParagraph\" data-olk-copy-source=\"MessageBody\">Proyecto: ESAUTO-X: Espacio de Datos para el Sector de Automoci\u00f3n en Espa\u00f1a dentro de CATENA-X<\/li>\n<li class=\"x_MsoListParagraph\">N\u00ba Expediente: TSI-100122-2024-0011<\/li>\n<\/ul>\n<p><strong>ESAUTO-X<\/strong> act\u00faa como centro demostrador de espacios de datos y busca conectar a la industria automotriz espa\u00f1ola con el ecosistema europeo de datos Catena-X. Responde a una necesidad clara, la falta de interoperabilidad y de intercambio seguro de informaci\u00f3n en la cadena de suministro automovil\u00edstica. Su objetivo es crear un entorno federado y confiable en el que fabricantes, proveedores, operadores log\u00edsticos y centros tecnol\u00f3gicos compartan datos de forma segura y estandarizada.<\/p>\n<p>Web:\u00a0<a title=\"https:\/\/www.esauto-x.com\/\" href=\"https:\/\/www.esauto-x.com\/\" data-auth=\"NotApplicable\" data-linkindex=\"3\">https:\/\/www.esauto-x.com\/<\/a><\/p>\n<p><img loading=\"lazy\" decoding=\"async\" class=\"wp-image-40133 aligncenter size-full\" src=\"https:\/\/www.lksnext.com\/wp-content\/uploads\/2026\/05\/Diseno-sin-titulo1-e1777985284230.png\" alt=\"\" width=\"4\" height=\"4\" \/><img loading=\"lazy\" decoding=\"async\" class=\"wp-image-40137 aligncenter \" src=\"https:\/\/www.lksnext.com\/wp-content\/uploads\/2026\/05\/Diseno-sin-titulo2.png\" alt=\"\" width=\"1016\" height=\"77\" srcset=\"https:\/\/www.lksnext.com\/wp-content\/uploads\/2026\/05\/Diseno-sin-titulo2.png 1016w, https:\/\/www.lksnext.com\/wp-content\/uploads\/2026\/05\/Diseno-sin-titulo2-480x36.png 480w\" sizes=\"(min-width: 0px) and (max-width: 480px) 480px, (min-width: 481px) 1016px, 100vw\" \/><\/p>\n<p>&nbsp;<\/p>\n<p>[\/et_pb_text][et_pb_text _builder_version=\u00bb4.27.6&#8243; _module_preset=\u00bbdefault\u00bb hover_enabled=\u00bb0&#8243; global_colors_info=\u00bb{}\u00bb sticky_enabled=\u00bb0&#8243;]<\/p>\n<h2><strong>MACHINEPASS<\/strong><\/h2>\n<ul type=\"disc\">\n<li class=\"x_MsoListParagraph\" data-olk-copy-source=\"MessageBody\">Proyecto: MACHINEPASS<\/li>\n<li class=\"x_MsoListParagraph\">N\u00ba Expediente: TSI-100123-2024-0013<\/li>\n<\/ul>\n<p><strong>MACHINEPASS<\/strong> habilita un espacio de datos enfocado en el despliegue del Pasaporte Digital de Producto (DPP) para activos de larga duraci\u00f3n. Su prop\u00f3sito es garantizar la trazabilidad, sostenibilidad y transparencia de las m\u00e1quinas a lo largo de todo su ciclo de vida. MACHINEPASS permite recopilar y compartir informaci\u00f3n clave \u2014desde datos de dise\u00f1o y fabricaci\u00f3n (composici\u00f3n, materiales, par\u00e1metros t\u00e9cnicos), hasta datos operativos (par\u00e1metros de funcionamiento, condiciones de uso, &#8230;), datos ambientales, de mantenimiento y reciclabilidad\u2014 dentro de un espacio de datos seguro y gobernado.<\/p>\n<p><img loading=\"lazy\" decoding=\"async\" class=\"wp-image-40133 aligncenter size-full\" src=\"https:\/\/www.lksnext.com\/wp-content\/uploads\/2026\/05\/Diseno-sin-titulo1-e1777985284230.png\" alt=\"\" width=\"4\" height=\"4\" \/><img loading=\"lazy\" decoding=\"async\" class=\"wp-image-40137 aligncenter \" src=\"https:\/\/www.lksnext.com\/wp-content\/uploads\/2026\/05\/Diseno-sin-titulo2.png\" alt=\"\" width=\"1016\" height=\"77\" srcset=\"https:\/\/www.lksnext.com\/wp-content\/uploads\/2026\/05\/Diseno-sin-titulo2.png 1016w, https:\/\/www.lksnext.com\/wp-content\/uploads\/2026\/05\/Diseno-sin-titulo2-480x36.png 480w\" sizes=\"(min-width: 0px) and (max-width: 480px) 480px, (min-width: 481px) 1016px, 100vw\" \/><\/p>\n<p>&nbsp;<\/p>\n<p>[\/et_pb_text][\/et_pb_column_inner][\/et_pb_row_inner][\/et_pb_column][\/et_pb_section]<\/p>\n","protected":false},"excerpt":{"rendered":"<p>PUBLICACIONESProyectos SEDIAZAINDATA Proyecto: ZAINDATA: puente de datos para el cuidado unificado de las personas N\u00ba Expediente: TSI-100121-2024-0020 ZAINDATA tiene como finalidad dise\u00f1ar y validar una infraestructura federada de compartici\u00f3n de datos en el \u00e1mbito sociosanitario, orientada a mejorar la interoperabilidad entre entidades p\u00fablicas, privadas y sociales vinculadas a la atenci\u00f3n y los cuidados. El proyecto [&hellip;]<\/p>\n","protected":false},"author":2,"featured_media":0,"parent":4469,"menu_order":0,"comment_status":"closed","ping_status":"closed","template":"","meta":{"_acf_changed":false,"_et_pb_use_builder":"on","_et_pb_old_content":"","_et_gb_content_width":"","inline_featured_image":false,"footnotes":""},"class_list":["post-40126","page","type-page","status-publish","hentry"],"acf":[],"_links":{"self":[{"href":"https:\/\/www.lksnext.com\/es\/wp-json\/wp\/v2\/pages\/40126","targetHints":{"allow":["GET"]}}],"collection":[{"href":"https:\/\/www.lksnext.com\/es\/wp-json\/wp\/v2\/pages"}],"about":[{"href":"https:\/\/www.lksnext.com\/es\/wp-json\/wp\/v2\/types\/page"}],"author":[{"embeddable":true,"href":"https:\/\/www.lksnext.com\/es\/wp-json\/wp\/v2\/users\/2"}],"replies":[{"embeddable":true,"href":"https:\/\/www.lksnext.com\/es\/wp-json\/wp\/v2\/comments?post=40126"}],"version-history":[{"count":4,"href":"https:\/\/www.lksnext.com\/es\/wp-json\/wp\/v2\/pages\/40126\/revisions"}],"predecessor-version":[{"id":40148,"href":"https:\/\/www.lksnext.com\/es\/wp-json\/wp\/v2\/pages\/40126\/revisions\/40148"}],"up":[{"embeddable":true,"href":"https:\/\/www.lksnext.com\/es\/wp-json\/wp\/v2\/pages\/4469"}],"wp:attachment":[{"href":"https:\/\/www.lksnext.com\/es\/wp-json\/wp\/v2\/media?parent=40126"}],"curies":[{"name":"wp","href":"https:\/\/api.w.org\/{rel}","templated":true}]}}