{"id":7,"date":"2019-12-16T09:35:54","date_gmt":"2019-12-16T09:35:54","guid":{"rendered":"http:\/\/www.lksnext.com\/?page_id=7"},"modified":"2026-04-17T13:59:14","modified_gmt":"2026-04-17T11:59:14","slug":"inicio","status":"publish","type":"page","link":"https:\/\/www.lksnext.com\/es\/","title":{"rendered":"LKS Next"},"content":{"rendered":"<p>[et_pb_section fb_built=\u00bb1&#8243; disabled_on=\u00bboff|off|off\u00bb module_class=\u00bbslider-home-section\u00bb _builder_version=\u00bb4.18.0&#8243; background_image=\u00bbhttps:\/\/www.lksnext.com\/wp-content\/uploads\/2021\/03\/caratula-folleto-legal-e1662559396236.png\u00bb collapsed=\u00bboff\u00bb global_colors_info=\u00bb{}\u00bb][et_pb_row _builder_version=\u00bb4.18.0&#8243; background_enable_image=\u00bboff\u00bb width=\u00bb100%\u00bb max_width=\u00bb2560px\u00bb global_colors_info=\u00bb{}\u00bb][et_pb_column type=\u00bb4_4&#8243; _builder_version=\u00bb4.16&#8243; global_colors_info=\u00bb{}\u00bb][et_pb_slider disabled_on=\u00bboff|off|off\u00bb module_class=\u00bbslider-home\u00bb _builder_version=\u00bb4.21.0&#8243; background_enable_image=\u00bboff\u00bb auto=\u00bbon\u00bb auto_ignore_hover=\u00bbon\u00bb global_colors_info=\u00bb{}\u00bb][et_pb_slide heading=\u00bb \u00bfCu\u00e1l es tu hoja de ruta hacia un futuro Sostenible?\u00bb button_text=\u00bbTE ACOMPA\u00d1AMOS\u00bb button_link=\u00bbhttps:\/\/www.lksnext.com\/es\/new\/transformacion-sostenible\/\u00bb use_bg_overlay=\u00bboff\u00bb _builder_version=\u00bb4.21.0&#8243; background_color=\u00bb#eaf7f5&#8243; background_enable_color=\u00bbon\u00bb background_image=\u00bbhttps:\/\/www.lksnext.com\/wp-content\/uploads\/2021\/07\/cabecera-home.jpg\u00bb background_enable_image=\u00bboff\u00bb background_video_mp4=\u00bbhttps:\/\/www.lksnext.com\/wp-content\/uploads\/2023\/10\/video-banner-home-transformacion-sostenible-lks-next.mp4&#8243; background_enable_video_mp4=\u00bbon\u00bb global_colors_info=\u00bb{}\u00bb sticky_transition=\u00bbon\u00bb][\/et_pb_slide][et_pb_slide heading=\u00bbMejoramos tu competitividad y minimizamos tus riesgos\u00bb button_text=\u00bbTE ACOMPA\u00d1AMOS\u00bb button_link=\u00bbhttps:\/\/www.lksnext.com\/es\/servicios\/consultoria\/\u00bb use_bg_overlay=\u00bboff\u00bb _builder_version=\u00bb4.18.0&#8243; background_color=\u00bb#eaf7f5&#8243; background_enable_color=\u00bbon\u00bb background_enable_image=\u00bboff\u00bb background_video_mp4=\u00bbhttps:\/\/www.lksnext.com\/wp-content\/uploads\/2023\/01\/Istock-1369986868-1.mp4&#8243; background_enable_video_mp4=\u00bbon\u00bb global_colors_info=\u00bb{}\u00bb sticky_transition=\u00bbon\u00bb][\/et_pb_slide][et_pb_slide heading=\u00bbDescubriendo las oportunidades de laTransformaci\u00f3n Digital\u00bb button_text=\u00bbTE ACOMPA\u00d1AMOS\u00bb button_link=\u00bbhttps:\/\/www.lksnext.com\/es\/servicios\/tecnologia\/\u00bb use_bg_overlay=\u00bboff\u00bb _builder_version=\u00bb4.18.0&#8243; background_color=\u00bb#eaf7f5&#8243; background_enable_color=\u00bbon\u00bb background_enable_image=\u00bboff\u00bb background_video_mp4=\u00bbhttps:\/\/www.lksnext.com\/wp-content\/uploads\/2023\/01\/Istock-1334055217-1.mp4&#8243; background_enable_video_mp4=\u00bbon\u00bb global_colors_info=\u00bb{}\u00bb sticky_transition=\u00bbon\u00bb][\/et_pb_slide][\/et_pb_slider][\/et_pb_column][\/et_pb_row][\/et_pb_section][et_pb_section fb_built=\u00bb1&#8243; disabled_on=\u00bboff|off|off\u00bb module_class=\u00bbnegocios-slider\u00bb _builder_version=\u00bb4.20.0&#8243; width=\u00bb100%\u00bb max_width=\u00bb100%\u00bb custom_margin=\u00bb0px||30px||false|false\u00bb custom_padding=\u00bb0px||0px||false|false\u00bb z_index_tablet=\u00bb500&#8243; box_shadow_horizontal_tablet=\u00bb0px\u00bb box_shadow_vertical_tablet=\u00bb0px\u00bb box_shadow_blur_tablet=\u00bb40px\u00bb box_shadow_spread_tablet=\u00bb0px\u00bb locked=\u00bboff\u00bb collapsed=\u00bboff\u00bb global_colors_info=\u00bb{}\u00bb][et_pb_row disabled_on=\u00bboff|off|off\u00bb module_class=\u00bbnegocios-title\u00bb _builder_version=\u00bb4.16&#8243; custom_margin=\u00bb0px||20px||false|false\u00bb custom_padding=\u00bb||0px||false|false\u00bb z_index_tablet=\u00bb500&#8243; box_shadow_horizontal_tablet=\u00bb0px\u00bb box_shadow_vertical_tablet=\u00bb0px\u00bb box_shadow_blur_tablet=\u00bb40px\u00bb box_shadow_spread_tablet=\u00bb0px\u00bb locked=\u00bboff\u00bb global_colors_info=\u00bb{}\u00bb][et_pb_column type=\u00bb4_4&#8243; _builder_version=\u00bb4.16&#8243; custom_padding=\u00bb|||\u00bb global_colors_info=\u00bb{}\u00bb custom_padding__hover=\u00bb|||\u00bb][\/et_pb_column][\/et_pb_row][et_pb_row disabled_on=\u00bboff|off|off\u00bb module_class=\u00bbnegocios-title\u00bb _builder_version=\u00bb4.16&#8243; custom_margin=\u00bb0px||20px||false|false\u00bb custom_padding=\u00bb||0px||false|false\u00bb z_index_tablet=\u00bb500&#8243; box_shadow_horizontal_tablet=\u00bb0px\u00bb box_shadow_vertical_tablet=\u00bb0px\u00bb box_shadow_blur_tablet=\u00bb40px\u00bb box_shadow_spread_tablet=\u00bb0px\u00bb locked=\u00bboff\u00bb global_colors_info=\u00bb{}\u00bb][et_pb_column type=\u00bb4_4&#8243; _builder_version=\u00bb4.16&#8243; custom_padding=\u00bb|||\u00bb global_colors_info=\u00bb{}\u00bb custom_padding__hover=\u00bb|||\u00bb][et_pb_text admin_label=\u00bbPr\u00f3ximos eventos\u00bb _builder_version=\u00bb4.27.4&#8243; z_index_tablet=\u00bb500&#8243; text_text_shadow_horizontal_length_tablet=\u00bb0px\u00bb text_text_shadow_vertical_length_tablet=\u00bb0px\u00bb text_text_shadow_blur_strength_tablet=\u00bb1px\u00bb link_text_shadow_horizontal_length_tablet=\u00bb0px\u00bb link_text_shadow_vertical_length_tablet=\u00bb0px\u00bb link_text_shadow_blur_strength_tablet=\u00bb1px\u00bb ul_text_shadow_horizontal_length_tablet=\u00bb0px\u00bb ul_text_shadow_vertical_length_tablet=\u00bb0px\u00bb ul_text_shadow_blur_strength_tablet=\u00bb1px\u00bb ol_text_shadow_horizontal_length_tablet=\u00bb0px\u00bb ol_text_shadow_vertical_length_tablet=\u00bb0px\u00bb ol_text_shadow_blur_strength_tablet=\u00bb1px\u00bb quote_text_shadow_horizontal_length_tablet=\u00bb0px\u00bb quote_text_shadow_vertical_length_tablet=\u00bb0px\u00bb quote_text_shadow_blur_strength_tablet=\u00bb1px\u00bb header_text_shadow_horizontal_length_tablet=\u00bb0px\u00bb header_text_shadow_vertical_length_tablet=\u00bb0px\u00bb header_text_shadow_blur_strength_tablet=\u00bb1px\u00bb header_2_text_shadow_horizontal_length_tablet=\u00bb0px\u00bb header_2_text_shadow_vertical_length_tablet=\u00bb0px\u00bb header_2_text_shadow_blur_strength_tablet=\u00bb1px\u00bb header_3_text_shadow_horizontal_length_tablet=\u00bb0px\u00bb header_3_text_shadow_vertical_length_tablet=\u00bb0px\u00bb header_3_text_shadow_blur_strength_tablet=\u00bb1px\u00bb header_4_text_shadow_horizontal_length_tablet=\u00bb0px\u00bb header_4_text_shadow_vertical_length_tablet=\u00bb0px\u00bb header_4_text_shadow_blur_strength_tablet=\u00bb1px\u00bb header_5_text_shadow_horizontal_length_tablet=\u00bb0px\u00bb header_5_text_shadow_vertical_length_tablet=\u00bb0px\u00bb header_5_text_shadow_blur_strength_tablet=\u00bb1px\u00bb header_6_text_shadow_horizontal_length_tablet=\u00bb0px\u00bb header_6_text_shadow_vertical_length_tablet=\u00bb0px\u00bb header_6_text_shadow_blur_strength_tablet=\u00bb1px\u00bb box_shadow_horizontal_tablet=\u00bb0px\u00bb box_shadow_vertical_tablet=\u00bb0px\u00bb box_shadow_blur_tablet=\u00bb40px\u00bb box_shadow_spread_tablet=\u00bb0px\u00bb global_colors_info=\u00bb{}\u00bb]<\/p>\n<h2 style=\"text-align: center;\">Pr\u00f3ximos eventos<\/h2>\n<p>[\/et_pb_text][\/et_pb_column][\/et_pb_row][et_pb_row disabled_on=\u00bboff|off|off\u00bb _builder_version=\u00bb4.20.0&#8243; _module_preset=\u00bbdefault\u00bb custom_margin=\u00bb0px||||false|false\u00bb custom_padding=\u00bb0px||||false|false\u00bb locked=\u00bboff\u00bb global_colors_info=\u00bb{}\u00bb][et_pb_column type=\u00bb4_4&#8243; _builder_version=\u00bb4.20.0&#8243; _module_preset=\u00bbdefault\u00bb global_colors_info=\u00bb{}\u00bb][et_pb_tabs admin_label=\u00bbEventos\u00bb module_class=\u00bblanding-slider tabs-5&#8243; _builder_version=\u00bb4.27.5&#8243; _module_preset=\u00bbdefault\u00bb background_enable_image=\u00bboff\u00bb hover_enabled=\u00bb0&#8243; global_colors_info=\u00bb{}\u00bb sticky_enabled=\u00bb0&#8243;][et_pb_tab title=\u00bb22 de abril\u00bb _builder_version=\u00bb4.27.5&#8243; _module_preset=\u00bbdefault\u00bb background_image=\u00bbhttps:\/\/www.lksnext.com\/wp-content\/uploads\/2026\/04\/Eventos-web.png\u00bb background_enable_image=\u00bbon\u00bb global_colors_info=\u00bb{}\u00bb]<\/p>\n<h3><span style=\"color: #f85900;\">Webinar<\/span><\/h3>\n<div class=\"swiper-slide-inner\">\n<div class=\"swiper-slide-contents animated zoomIn\"><span class=\"a_GcMg font-feature-liga-off font-feature-clig-off font-feature-calt-off text-decoration-none text-strikethrough-none\">Microsoft Azure Local: moderniza tu datacenter <\/span><\/div>\n<div class=\"swiper-slide-contents animated zoomIn\"><span class=\"a_GcMg font-feature-liga-off font-feature-clig-off font-feature-calt-off text-decoration-none text-strikethrough-none\">On-premise con la experiencia de Azure <\/span><\/div>\n<div class=\"swiper-slide-contents animated zoomIn\"><span class=\"a_GcMg font-feature-liga-off font-feature-clig-off font-feature-calt-off text-decoration-none text-strikethrough-none\">de la mano de Dell y LKS Next<\/span><\/div>\n<\/div>\n<h3><a href=\"https:\/\/insights.lksnext.com\/l\/1049812\/2026-04-07\/3rxhc?utm_campaign=WMALYD07042026&amp;utm_source=Email\" target=\"_blank\" rel=\"noopener\"><span style=\"color: #f85900;\">Inscripci\u00f3n<\/span><\/a><\/h3>\n<p>[\/et_pb_tab][et_pb_tab title=\u00bb7 de mayo\u00bb _builder_version=\u00bb4.27.5&#8243; _module_preset=\u00bbdefault\u00bb background_image=\u00bbhttps:\/\/www.lksnext.com\/wp-content\/uploads\/2026\/04\/Eventos-web3.png\u00bb background_enable_image=\u00bbon\u00bb hover_enabled=\u00bb0&#8243; global_colors_info=\u00bb{}\u00bb title_text=\u00bbEventos web(3)\u00bb sticky_enabled=\u00bb0&#8243;]<\/p>\n<h3><span style=\"color: #f85900;\">Webinar<\/span><\/h3>\n<h3 class=\"swiper-slide-inner\"><strong><span class=\"webinar_label\" data-v-34d6db48=\"\">SAP Cloud ERP<\/span><\/strong><\/h3>\n<h3><a href=\"https:\/\/lksnext.zoom.us\/webinar\/register\/WN_1fB0kE3SRIKMBP3sFHhjVA?utm_campaign=SCEP20260415145447&amp;utm_source=email\" target=\"_blank\" rel=\"noopener\"><span style=\"color: #f85900;\">Inscripci\u00f3n<\/span><\/a><\/h3>\n<p>[\/et_pb_tab][\/et_pb_tabs][\/et_pb_column][\/et_pb_row][et_pb_row disabled_on=\u00bbon|on|on\u00bb _builder_version=\u00bb4.20.0&#8243; _module_preset=\u00bbdefault\u00bb custom_margin=\u00bb0px||||false|false\u00bb custom_padding=\u00bb0px||||false|false\u00bb disabled=\u00bbon\u00bb locked=\u00bboff\u00bb global_colors_info=\u00bb{}\u00bb][et_pb_column type=\u00bb4_4&#8243; _builder_version=\u00bb4.20.0&#8243; _module_preset=\u00bbdefault\u00bb global_colors_info=\u00bb{}\u00bb][et_pb_tabs admin_label=\u00bbKit Consulting\u00bb module_class=\u00bblanding-slider tabs-5&#8243; _builder_version=\u00bb4.26.0&#8243; _module_preset=\u00bbdefault\u00bb body_text_align=\u00bbleft\u00bb body_font_size=\u00bb25px\u00bb background_image=\u00bbhttps:\/\/www.lksnext.com\/wp-content\/uploads\/2024\/07\/Eventos-web-5.png\u00bb locked=\u00bboff\u00bb global_colors_info=\u00bb{}\u00bb][et_pb_tab _builder_version=\u00bb4.26.0&#8243; _module_preset=\u00bbdefault\u00bb tab_font_size=\u00bb1px\u00bb background_enable_image=\u00bboff\u00bb global_colors_info=\u00bb{}\u00bb]<\/p>\n<h3><span style=\"color: #f85900;\">Somos tu agente digitalizador<\/span><\/h3>\n<h1><strong>KIT CONSULTING<\/strong><\/h1>\n<p><strong>Bono de Asesoramiento Digital\u00a0<\/strong>para contrataci\u00f3n de\u00a0<strong>servicios de asesoramiento<\/strong>.<\/p>\n<p>&nbsp;<\/p>\n<h3><strong><span style=\"color: #f85900;\"><a style=\"color: #f85900;\" href=\"https:\/\/www.lksnext.com\/es\/new\/kit-consulting\/\" target=\"_blank\" rel=\"noopener\">M\u00e1s informaci\u00f3n<\/a><\/span><\/strong><\/h3>\n<p>[\/et_pb_tab][\/et_pb_tabs][\/et_pb_column][\/et_pb_row][et_pb_row disabled_on=\u00bbon|on|on\u00bb _builder_version=\u00bb4.20.0&#8243; _module_preset=\u00bbdefault\u00bb custom_margin=\u00bb0px||||false|false\u00bb custom_padding=\u00bb0px||||false|false\u00bb disabled=\u00bbon\u00bb locked=\u00bboff\u00bb global_colors_info=\u00bb{}\u00bb][et_pb_column type=\u00bb4_4&#8243; _builder_version=\u00bb4.20.0&#8243; _module_preset=\u00bbdefault\u00bb global_colors_info=\u00bb{}\u00bb][et_pb_tabs module_class=\u00bblanding-slider tabs-5&#8243; _builder_version=\u00bb4.21.0&#8243; _module_preset=\u00bbdefault\u00bb global_colors_info=\u00bb{}\u00bb][et_pb_tab title=\u00bb27 de octubre\u00bb _builder_version=\u00bb4.21.0&#8243; _module_preset=\u00bbdefault\u00bb background_image=\u00bbhttps:\/\/www.lksnext.com\/wp-content\/uploads\/2023\/10\/Eventos-web-8.png\u00bb background_enable_image=\u00bbon\u00bb global_colors_info=\u00bb{}\u00bb]<\/p>\n<h3><strong>Presencial<\/strong><\/h3>\n<h1 class=\"contentDetailsTitle__StyledContentDetailsTitle-sc-nvm9ct-0 dPmWYv\"><span style=\"color: #f85900;\">C\u00f3mo sacarle partido a la IA <\/span><\/h1>\n<h1 class=\"contentDetailsTitle__StyledContentDetailsTitle-sc-nvm9ct-0 dPmWYv\"><span style=\"color: #f85900;\">en tu negocio con AWS<\/span><\/h1>\n<p><a class=\"link__ExternalLinkToThirdParty-sc-qgkdk8-3 bKIQiI\" href=\"https:\/\/www.google.com\/maps\/search\/?api=1&amp;query=Edificio%20Barco%2C%20Parque%20Cient%C3%ADfico%20y%20Tecnol%C3%B3gico%20de%20Bizkaia%2C%20Ibaizabal%20Bidea%2C%20101%20-%20%2048170%20Zamudio\" target=\"_blank\" rel=\"noopener noreferrer\">Edificio Barco, Parque Cient\u00edfico y Tecnol\u00f3gico de Bizkaia, Ibaizabal Bidea, 101 &#8211; 48170 Zamudio<\/a><\/p>\n<p>De 10:00 a 13:45h.<\/p>\n<p><a class=\"et_pb_button boton naranja\" href=\"https:\/\/aws-experience.com\/emea\/iberia\/e\/9b384\/como-sacarle-partido-a-la-ia-en-tu-negocio-con-aws--bilbao\" target=\"_blank\" rel=\"noopener\">M\u00e1s informaci\u00f3n<\/a><\/p>\n<p>[\/et_pb_tab][et_pb_tab title=\u00bb3 de noviembre\u00bb _builder_version=\u00bb4.21.0&#8243; _module_preset=\u00bbdefault\u00bb background_image=\u00bbhttps:\/\/www.lksnext.com\/wp-content\/uploads\/2023\/10\/Eventos-web-9.png\u00bb background_enable_image=\u00bbon\u00bb global_colors_info=\u00bb{}\u00bb]<\/p>\n<h3><strong>Online<\/strong><\/h3>\n<h1 class=\"contentDetailsTitle__StyledContentDetailsTitle-sc-nvm9ct-0 dPmWYv\"><span style=\"color: #f85900;\">WEBINAR WHISTLEBLOWING:\u00a0Implantaci\u00f3n del sistema <\/span><\/h1>\n<h1 class=\"contentDetailsTitle__StyledContentDetailsTitle-sc-nvm9ct-0 dPmWYv\"><span style=\"color: #f85900;\">interno de informaci\u00f3n por exigencia de la Ley 2\/2023 de <\/span><\/h1>\n<h1 class=\"contentDetailsTitle__StyledContentDetailsTitle-sc-nvm9ct-0 dPmWYv\"><span style=\"color: #f85900;\">protecci\u00f3n del informante<\/span><\/h1>\n<p>De 09:00 a 10:00h.<\/p>\n<p><a class=\"et_pb_button boton naranja\" href=\"https:\/\/www.lksnext.com\/es\/lks-next-legal-te-invita-al-nuevo-webinar-whistleblowing\/\" target=\"_blank\" rel=\"noopener\">M\u00e1s informaci\u00f3n<\/a><\/p>\n<p>[\/et_pb_tab][\/et_pb_tabs][\/et_pb_column][\/et_pb_row][et_pb_row disabled_on=\u00bbon|on|on\u00bb _builder_version=\u00bb4.20.0&#8243; _module_preset=\u00bbdefault\u00bb custom_margin=\u00bb0px||||false|false\u00bb custom_padding=\u00bb0px||||false|false\u00bb disabled=\u00bbon\u00bb locked=\u00bboff\u00bb global_colors_info=\u00bb{}\u00bb][et_pb_column type=\u00bb4_4&#8243; _builder_version=\u00bb4.20.0&#8243; _module_preset=\u00bbdefault\u00bb global_colors_info=\u00bb{}\u00bb][et_pb_tabs module_class=\u00bblanding-slider tabs-5&#8243; _builder_version=\u00bb4.21.0&#8243; _module_preset=\u00bbdefault\u00bb global_colors_info=\u00bb{}\u00bb][et_pb_tab title=\u00bb27 de octubre\u00bb _builder_version=\u00bb4.21.0&#8243; _module_preset=\u00bbdefault\u00bb background_image=\u00bbhttps:\/\/www.lksnext.com\/wp-content\/uploads\/2023\/10\/Eventos-web-8.png\u00bb background_enable_image=\u00bbon\u00bb global_colors_info=\u00bb{}\u00bb]<\/p>\n<h3><strong>Presencial<\/strong><\/h3>\n<h1 class=\"contentDetailsTitle__StyledContentDetailsTitle-sc-nvm9ct-0 dPmWYv\"><span style=\"color: #f85900;\">C\u00f3mo sacarle partido a la IA <\/span><\/h1>\n<h1 class=\"contentDetailsTitle__StyledContentDetailsTitle-sc-nvm9ct-0 dPmWYv\"><span style=\"color: #f85900;\">en tu negocio con AWS<\/span><\/h1>\n<p><a class=\"link__ExternalLinkToThirdParty-sc-qgkdk8-3 bKIQiI\" href=\"https:\/\/www.google.com\/maps\/search\/?api=1&amp;query=Edificio%20Barco%2C%20Parque%20Cient%C3%ADfico%20y%20Tecnol%C3%B3gico%20de%20Bizkaia%2C%20Ibaizabal%20Bidea%2C%20101%20-%20%2048170%20Zamudio\" target=\"_blank\" rel=\"noopener noreferrer\">Edificio Barco, Parque Cient\u00edfico y Tecnol\u00f3gico de Bizkaia, Ibaizabal Bidea, 101 &#8211; 48170 Zamudio<\/a><\/p>\n<p>De 10:00 a 13:45h.<\/p>\n<p><a class=\"et_pb_button boton naranja\" href=\"https:\/\/aws-experience.com\/emea\/iberia\/e\/9b384\/como-sacarle-partido-a-la-ia-en-tu-negocio-con-aws--bilbao\" target=\"_blank\" rel=\"noopener\">M\u00e1s informaci\u00f3n<\/a><\/p>\n<p>[\/et_pb_tab][et_pb_tab title=\u00bb3 de noviembre\u00bb _builder_version=\u00bb4.21.0&#8243; _module_preset=\u00bbdefault\u00bb background_image=\u00bbhttps:\/\/www.lksnext.com\/wp-content\/uploads\/2023\/10\/Eventos-web-9.png\u00bb background_enable_image=\u00bbon\u00bb global_colors_info=\u00bb{}\u00bb]<\/p>\n<h3><strong>Online<\/strong><\/h3>\n<h1 class=\"contentDetailsTitle__StyledContentDetailsTitle-sc-nvm9ct-0 dPmWYv\"><span style=\"color: #f85900;\">WEBINAR WHISTLEBLOWING:\u00a0Implantaci\u00f3n del sistema <\/span><\/h1>\n<h1 class=\"contentDetailsTitle__StyledContentDetailsTitle-sc-nvm9ct-0 dPmWYv\"><span style=\"color: #f85900;\">interno de informaci\u00f3n por exigencia de la Ley 2\/2023 de <\/span><\/h1>\n<h1 class=\"contentDetailsTitle__StyledContentDetailsTitle-sc-nvm9ct-0 dPmWYv\"><span style=\"color: #f85900;\">protecci\u00f3n del informante<\/span><\/h1>\n<p>De 09:00 a 10:00h.<\/p>\n<p><a class=\"et_pb_button boton naranja\" href=\"https:\/\/www.lksnext.com\/es\/lks-next-legal-te-invita-al-nuevo-webinar-whistleblowing\/\" target=\"_blank\" rel=\"noopener\">M\u00e1s informaci\u00f3n<\/a><\/p>\n<p>[\/et_pb_tab][\/et_pb_tabs][\/et_pb_column][\/et_pb_row][\/et_pb_section][et_pb_section fb_built=\u00bb1&#8243; disabled_on=\u00bbon|on|on\u00bb module_class=\u00bbvideo30&#8243; _builder_version=\u00bb4.16&#8243; custom_margin=\u00bb||0px||false|false\u00bb custom_padding=\u00bb||0px||false|false\u00bb disabled=\u00bbon\u00bb collapsed=\u00bboff\u00bb global_colors_info=\u00bb{}\u00bb][et_pb_row column_structure=\u00bb1_3,2_3&#8243; disabled_on=\u00bbon|on|on\u00bb _builder_version=\u00bb4.18.0&#8243; background_color=\u00bb#F2F2F2&#8243; border_width_all=\u00bb1px\u00bb border_color_all=\u00bb#aaaaaa\u00bb disabled=\u00bbon\u00bb global_colors_info=\u00bb{}\u00bb][et_pb_column type=\u00bb1_3&#8243; _builder_version=\u00bb4.16&#8243; global_colors_info=\u00bb{}\u00bb][et_pb_text _builder_version=\u00bb4.18.0&#8243; global_colors_info=\u00bb{}\u00bb]<\/p>\n<p><strong>ADN COOPERATIVO<\/strong><\/p>\n<p>La informaci\u00f3n para una buena gesti\u00f3n lo es todo. Nos gu\u00eda en la digitalizaci\u00f3n por medio del desarrollo de la tecnolog\u00eda. Este es el contenido de nuestro ADN.<\/p>\n<p>El signo diferencial, qui\u00e9n marca nuestro estilo.<\/p>\n<p>[\/et_pb_text][\/et_pb_column][et_pb_column type=\u00bb2_3&#8243; _builder_version=\u00bb4.16&#8243; global_colors_info=\u00bb{}\u00bb][et_pb_video src=\u00bbhttps:\/\/youtu.be\/DkrDadvthu8&#8243; _builder_version=\u00bb4.16&#8243; global_colors_info=\u00bb{}\u00bb][\/et_pb_video][\/et_pb_column][\/et_pb_row][\/et_pb_section][et_pb_section fb_built=\u00bb1&#8243; module_class=\u00bbhome-content\u00bb _builder_version=\u00bb4.20.0&#8243; custom_padding=\u00bb||0px||false|false\u00bb global_colors_info=\u00bb{}\u00bb][et_pb_row _builder_version=\u00bb4.16&#8243; global_colors_info=\u00bb{}\u00bb][et_pb_column type=\u00bb4_4&#8243; _builder_version=\u00bb4.16&#8243; global_colors_info=\u00bb{}\u00bb][et_pb_blog posts_number=\u00bb3&#8243; include_categories=\u00bball\u00bb use_manual_excerpt=\u00bboff\u00bb show_more=\u00bbon\u00bb show_author=\u00bboff\u00bb show_excerpt=\u00bboff\u00bb show_pagination=\u00bboff\u00bb module_class=\u00bbfeatured\u00bb _builder_version=\u00bb4.18.0&#8243; global_colors_info=\u00bb{}\u00bb][\/et_pb_blog][et_pb_blog posts_number=\u00bb3&#8243; include_categories=\u00bball\u00bb use_manual_excerpt=\u00bboff\u00bb show_more=\u00bbon\u00bb show_author=\u00bboff\u00bb show_excerpt=\u00bboff\u00bb show_pagination=\u00bboff\u00bb offset_number=\u00bb3&#8243; module_class=\u00bbfeatured\u00bb _builder_version=\u00bb4.18.0&#8243; global_colors_info=\u00bb{}\u00bb][\/et_pb_blog][\/et_pb_column][\/et_pb_row][\/et_pb_section][et_pb_section fb_built=\u00bb1&#8243; disabled_on=\u00bbon|on|on\u00bb module_class=\u00bbtrayectoria\u00bb _builder_version=\u00bb4.18.0&#8243; _module_preset=\u00bbdefault\u00bb disabled=\u00bbon\u00bb global_colors_info=\u00bb{}\u00bb][et_pb_row column_structure=\u00bb1_3,2_3&#8243; _builder_version=\u00bb4.18.0&#8243; _module_preset=\u00bbdefault\u00bb global_colors_info=\u00bb{}\u00bb][et_pb_column type=\u00bb1_3&#8243; _builder_version=\u00bb4.18.0&#8243; _module_preset=\u00bbdefault\u00bb global_colors_info=\u00bb{}\u00bb][et_pb_text _builder_version=\u00bb4.18.0&#8243; _module_preset=\u00bbdefault\u00bb global_colors_info=\u00bb{}\u00bb]<\/p>\n<p>Dise\u00f1a tu trayectoria profesional con nosotros.<\/p>\n<p>Da el primer paso y pon tu talento en acci\u00f3n.<\/p>\n<p>[\/et_pb_text][et_pb_button button_url=\u00bbhttps:\/\/www.lksnext.com\/es\/haz-carrera-en-lks-next\/\u00bb button_text=\u00bbDESCUBRE QU\u00c9 OFRECEMOS\u00bb button_alignment=\u00bbcenter\u00bb module_class=\u00bbboton naranja\u00bb _builder_version=\u00bb4.20.0&#8243; _module_preset=\u00bbdefault\u00bb custom_button=\u00bbon\u00bb button_text_size=\u00bb25px\u00bb button_border_width=\u00bb3px\u00bb global_colors_info=\u00bb{}\u00bb][\/et_pb_button][\/et_pb_column][et_pb_column type=\u00bb2_3&#8243; _builder_version=\u00bb4.18.0&#8243; _module_preset=\u00bbdefault\u00bb global_colors_info=\u00bb{}\u00bb][et_pb_image src=\u00bbhttps:\/\/www.lksnext.com\/wp-content\/uploads\/2023\/01\/fondo-atraccion-talento.png\u00bb title_text=\u00bbfondo-atraccion-talento\u00bb _builder_version=\u00bb4.18.0&#8243; _module_preset=\u00bbdefault\u00bb global_colors_info=\u00bb{}\u00bb][\/et_pb_image][\/et_pb_column][\/et_pb_row][\/et_pb_section]<\/p>\n","protected":false},"excerpt":{"rendered":"<p>Pr\u00f3ximos eventosWebinar Microsoft Azure Local: moderniza tu datacenter On-premise con la experiencia de Azure de la mano de Dell y LKS Next Inscripci\u00f3nWebinar SAP Cloud ERP Inscripci\u00f3nSomos tu agente digitalizador KIT CONSULTING Bono de Asesoramiento Digital\u00a0para contrataci\u00f3n de\u00a0servicios de asesoramiento. &nbsp; M\u00e1s informaci\u00f3nPresencial C\u00f3mo sacarle partido a la IA en tu negocio con AWS Edificio [&hellip;]<\/p>\n","protected":false},"author":1,"featured_media":134,"parent":0,"menu_order":0,"comment_status":"closed","ping_status":"closed","template":"","meta":{"_acf_changed":false,"_et_pb_use_builder":"on","_et_pb_old_content":"","_et_gb_content_width":"","inline_featured_image":false,"footnotes":""},"class_list":["post-7","page","type-page","status-publish","has-post-thumbnail","hentry"],"acf":[],"_links":{"self":[{"href":"https:\/\/www.lksnext.com\/es\/wp-json\/wp\/v2\/pages\/7","targetHints":{"allow":["GET"]}}],"collection":[{"href":"https:\/\/www.lksnext.com\/es\/wp-json\/wp\/v2\/pages"}],"about":[{"href":"https:\/\/www.lksnext.com\/es\/wp-json\/wp\/v2\/types\/page"}],"author":[{"embeddable":true,"href":"https:\/\/www.lksnext.com\/es\/wp-json\/wp\/v2\/users\/1"}],"replies":[{"embeddable":true,"href":"https:\/\/www.lksnext.com\/es\/wp-json\/wp\/v2\/comments?post=7"}],"version-history":[{"count":169,"href":"https:\/\/www.lksnext.com\/es\/wp-json\/wp\/v2\/pages\/7\/revisions"}],"predecessor-version":[{"id":40024,"href":"https:\/\/www.lksnext.com\/es\/wp-json\/wp\/v2\/pages\/7\/revisions\/40024"}],"wp:featuredmedia":[{"embeddable":true,"href":"https:\/\/www.lksnext.com\/es\/wp-json\/wp\/v2\/media\/134"}],"wp:attachment":[{"href":"https:\/\/www.lksnext.com\/es\/wp-json\/wp\/v2\/media?parent=7"}],"curies":[{"name":"wp","href":"https:\/\/api.w.org\/{rel}","templated":true}]}}