{"id":8014,"date":"2021-02-04T22:48:43","date_gmt":"2021-02-04T21:48:43","guid":{"rendered":"https:\/\/www.lksnext.com\/?page_id=8014"},"modified":"2021-02-04T22:49:02","modified_gmt":"2021-02-04T21:49:02","slug":"condiciones-de-servicio","status":"publish","type":"page","link":"https:\/\/www.lksnext.com\/es\/condiciones-de-servicio\/","title":{"rendered":"Condiciones de servicio"},"content":{"rendered":"<p>[et_pb_section fb_built=\u00bb1&#8243; module_class=\u00bbheader-section conoce\u00bb _builder_version=\u00bb4.0.11&#8243; background_position=\u00bbtop_center\u00bb custom_margin=\u00bb0px|0px|0px|0px\u00bb custom_padding=\u00bb0px|0px|0px|0px\u00bb z_index_tablet=\u00bb500&#8243; box_shadow_horizontal_tablet=\u00bb0px\u00bb box_shadow_vertical_tablet=\u00bb0px\u00bb box_shadow_blur_tablet=\u00bb40px\u00bb box_shadow_spread_tablet=\u00bb0px\u00bb locked=\u00bboff\u00bb][et_pb_row _builder_version=\u00bb4.0.11&#8243; width=\u00bb100%\u00bb max_width=\u00bb100%\u00bb z_index_tablet=\u00bb500&#8243; box_shadow_horizontal_tablet=\u00bb0px\u00bb box_shadow_vertical_tablet=\u00bb0px\u00bb box_shadow_blur_tablet=\u00bb40px\u00bb box_shadow_spread_tablet=\u00bb0px\u00bb][et_pb_column type=\u00bb4_4&#8243; _builder_version=\u00bb3.0.47&#8243; custom_padding=\u00bb|||\u00bb custom_padding__hover=\u00bb|||\u00bb][et_pb_text admin_label=\u00bbCondiciones de servicio\u00bb module_class=\u00bbheader-title\u00bb _builder_version=\u00bb4.4.8&#8243; hover_enabled=\u00bb0&#8243; z_index_tablet=\u00bb500&#8243; text_text_shadow_horizontal_length_tablet=\u00bb0px\u00bb text_text_shadow_vertical_length_tablet=\u00bb0px\u00bb text_text_shadow_blur_strength_tablet=\u00bb1px\u00bb link_text_shadow_horizontal_length_tablet=\u00bb0px\u00bb link_text_shadow_vertical_length_tablet=\u00bb0px\u00bb link_text_shadow_blur_strength_tablet=\u00bb1px\u00bb ul_text_shadow_horizontal_length_tablet=\u00bb0px\u00bb ul_text_shadow_vertical_length_tablet=\u00bb0px\u00bb ul_text_shadow_blur_strength_tablet=\u00bb1px\u00bb ol_text_shadow_horizontal_length_tablet=\u00bb0px\u00bb ol_text_shadow_vertical_length_tablet=\u00bb0px\u00bb ol_text_shadow_blur_strength_tablet=\u00bb1px\u00bb quote_text_shadow_horizontal_length_tablet=\u00bb0px\u00bb quote_text_shadow_vertical_length_tablet=\u00bb0px\u00bb quote_text_shadow_blur_strength_tablet=\u00bb1px\u00bb header_text_shadow_horizontal_length_tablet=\u00bb0px\u00bb header_text_shadow_vertical_length_tablet=\u00bb0px\u00bb header_text_shadow_blur_strength_tablet=\u00bb1px\u00bb header_2_text_shadow_horizontal_length_tablet=\u00bb0px\u00bb header_2_text_shadow_vertical_length_tablet=\u00bb0px\u00bb header_2_text_shadow_blur_strength_tablet=\u00bb1px\u00bb header_3_text_shadow_horizontal_length_tablet=\u00bb0px\u00bb header_3_text_shadow_vertical_length_tablet=\u00bb0px\u00bb header_3_text_shadow_blur_strength_tablet=\u00bb1px\u00bb header_4_text_shadow_horizontal_length_tablet=\u00bb0px\u00bb header_4_text_shadow_vertical_length_tablet=\u00bb0px\u00bb header_4_text_shadow_blur_strength_tablet=\u00bb1px\u00bb header_5_text_shadow_horizontal_length_tablet=\u00bb0px\u00bb header_5_text_shadow_vertical_length_tablet=\u00bb0px\u00bb header_5_text_shadow_blur_strength_tablet=\u00bb1px\u00bb header_6_text_shadow_horizontal_length_tablet=\u00bb0px\u00bb header_6_text_shadow_vertical_length_tablet=\u00bb0px\u00bb header_6_text_shadow_blur_strength_tablet=\u00bb1px\u00bb box_shadow_horizontal_tablet=\u00bb0px\u00bb box_shadow_vertical_tablet=\u00bb0px\u00bb box_shadow_blur_tablet=\u00bb40px\u00bb box_shadow_spread_tablet=\u00bb0px\u00bb]<\/p>\n<h1>Condiciones de servicio<\/h1>\n<p>[\/et_pb_text][\/et_pb_column][\/et_pb_row][\/et_pb_section][et_pb_section fb_built=\u00bb1&#8243; use_custom_gutter=\u00bbon\u00bb gutter_width=\u00bb2&#8243; specialty=\u00bbon\u00bb background_color_1=\u00bb#fafafa\u00bb background_color_2=\u00bb#ffffff\u00bb module_class_1=\u00bbleft-column\u00bb module_class_2=\u00bbcontent-column\u00bb module_class=\u00bbcontent-container-inner\u00bb _builder_version=\u00bb4.0.11&#8243; background_color=\u00bbrgba(255,255,255,0)\u00bb z_index_tablet=\u00bb500&#8243; box_shadow_horizontal_tablet=\u00bb0px\u00bb box_shadow_vertical_tablet=\u00bb0px\u00bb box_shadow_blur_tablet=\u00bb40px\u00bb box_shadow_spread_tablet=\u00bb0px\u00bb locked=\u00bboff\u00bb custom_margin__hover_enabled=\u00bbon|desktop\u00bb][et_pb_column type=\u00bb1_4&#8243; _builder_version=\u00bb3.25&#8243; custom_padding=\u00bb|||\u00bb custom_padding__hover=\u00bb|||\u00bb][et_pb_menu menu_id=\u00bb5&#8243; submenu_direction=\u00bbdownwards\u00bb module_class=\u00bbmenu-section\u00bb _builder_version=\u00bb4.0.11&#8243; background_color=\u00bbrgba(255,255,255,0)\u00bb z_index_tablet=\u00bb500&#8243; menu_text_shadow_horizontal_length_tablet=\u00bb0px\u00bb menu_text_shadow_vertical_length_tablet=\u00bb0px\u00bb menu_text_shadow_blur_strength_tablet=\u00bb1px\u00bb box_shadow_horizontal_tablet=\u00bb0px\u00bb box_shadow_vertical_tablet=\u00bb0px\u00bb box_shadow_blur_tablet=\u00bb40px\u00bb box_shadow_spread_tablet=\u00bb0px\u00bb box_shadow_horizontal_image_tablet=\u00bb0px\u00bb box_shadow_vertical_image_tablet=\u00bb0px\u00bb box_shadow_blur_image_tablet=\u00bb40px\u00bb box_shadow_spread_image_tablet=\u00bb0px\u00bb][\/et_pb_menu][\/et_pb_column][et_pb_column type=\u00bb3_4&#8243; specialty_columns=\u00bb3&#8243; _builder_version=\u00bb3.25&#8243; custom_padding=\u00bb|||\u00bb custom_padding__hover=\u00bb|||\u00bb][et_pb_row_inner admin_label=\u00bbFila\u00bb _builder_version=\u00bb4.0.11&#8243; z_index_tablet=\u00bb500&#8243; box_shadow_horizontal_tablet=\u00bb0px\u00bb box_shadow_vertical_tablet=\u00bb0px\u00bb box_shadow_blur_tablet=\u00bb40px\u00bb box_shadow_spread_tablet=\u00bb0px\u00bb][et_pb_column_inner saved_specialty_column_type=\u00bb3_4&#8243; _builder_version=\u00bb3.0.47&#8243; custom_padding=\u00bb|||\u00bb custom_padding_tablet=\u00bb|||\u00bb custom_padding_phone=\u00bb|||\u00bb background_color_gradient_direction_tablet=\u00bb180deg\u00bb background_color_gradient_direction_phone=\u00bb180deg\u00bb background_color_gradient_start_position_tablet=\u00bb0%\u00bb background_color_gradient_start_position_phone=\u00bb0%\u00bb background_color_gradient_end_position_tablet=\u00bb100%\u00bb background_color_gradient_end_position_phone=\u00bb100%\u00bb z_index_tablet=\u00bb500&#8243; z_index_phone=\u00bb500&#8243; filter_hue_rotate_tablet=\u00bb0deg\u00bb filter_hue_rotate_phone=\u00bb0deg\u00bb filter_saturate_tablet=\u00bb100%\u00bb filter_saturate_phone=\u00bb100%\u00bb filter_brightness_tablet=\u00bb100%\u00bb filter_brightness_phone=\u00bb100%\u00bb filter_contrast_tablet=\u00bb100%\u00bb filter_contrast_phone=\u00bb100%\u00bb filter_invert_tablet=\u00bb0%\u00bb filter_invert_phone=\u00bb0%\u00bb filter_sepia_tablet=\u00bb0%\u00bb filter_sepia_phone=\u00bb0%\u00bb filter_opacity_tablet=\u00bb100%\u00bb filter_opacity_phone=\u00bb100%\u00bb filter_blur_tablet=\u00bb0px\u00bb filter_blur_phone=\u00bb0px\u00bb animation_duration_tablet=\u00bb1000ms\u00bb animation_duration_phone=\u00bb1000ms\u00bb animation_delay_tablet=\u00bb0ms\u00bb animation_delay_phone=\u00bb0ms\u00bb animation_intensity_slide_tablet=\u00bb50%\u00bb animation_intensity_slide_phone=\u00bb50%\u00bb animation_intensity_zoom_tablet=\u00bb50%\u00bb animation_intensity_zoom_phone=\u00bb50%\u00bb animation_intensity_flip_tablet=\u00bb50%\u00bb animation_intensity_flip_phone=\u00bb50%\u00bb animation_intensity_fold_tablet=\u00bb50%\u00bb animation_intensity_fold_phone=\u00bb50%\u00bb animation_intensity_roll_tablet=\u00bb50%\u00bb animation_intensity_roll_phone=\u00bb50%\u00bb animation_starting_opacity_tablet=\u00bb0%\u00bb animation_starting_opacity_phone=\u00bb0%\u00bb hover_transition_duration_tablet=\u00bb300ms\u00bb hover_transition_duration_phone=\u00bb300ms\u00bb hover_transition_delay_tablet=\u00bb0ms\u00bb hover_transition_delay_phone=\u00bb0ms\u00bb box_shadow_horizontal_tablet=\u00bb0px\u00bb box_shadow_horizontal_phone=\u00bb0px\u00bb box_shadow_vertical_tablet=\u00bb0px\u00bb box_shadow_vertical_phone=\u00bb0px\u00bb box_shadow_blur_tablet=\u00bb40px\u00bb box_shadow_blur_phone=\u00bb40px\u00bb box_shadow_spread_tablet=\u00bb0px\u00bb box_shadow_spread_phone=\u00bb0px\u00bb disabled=\u00bb%91object HTMLInputElement%93&#8243; custom_padding__hover=\u00bb|||\u00bb][et_pb_text admin_label=\u00bbPOL\u00cdTICA DE PRIVACIDAD CONTACTO\u00bb module_id=\u00bbcontacto\u00bb module_class=\u00bbpolitica-privacidad\u00bb _builder_version=\u00bb4.4.8&#8243; hover_enabled=\u00bb0&#8243; z_index_tablet=\u00bb500&#8243; text_text_shadow_horizontal_length_tablet=\u00bb0px\u00bb text_text_shadow_vertical_length_tablet=\u00bb0px\u00bb text_text_shadow_blur_strength_tablet=\u00bb1px\u00bb link_text_shadow_horizontal_length_tablet=\u00bb0px\u00bb link_text_shadow_vertical_length_tablet=\u00bb0px\u00bb link_text_shadow_blur_strength_tablet=\u00bb1px\u00bb ul_text_shadow_horizontal_length_tablet=\u00bb0px\u00bb ul_text_shadow_vertical_length_tablet=\u00bb0px\u00bb ul_text_shadow_blur_strength_tablet=\u00bb1px\u00bb ol_text_shadow_horizontal_length_tablet=\u00bb0px\u00bb ol_text_shadow_vertical_length_tablet=\u00bb0px\u00bb ol_text_shadow_blur_strength_tablet=\u00bb1px\u00bb quote_text_shadow_horizontal_length_tablet=\u00bb0px\u00bb quote_text_shadow_vertical_length_tablet=\u00bb0px\u00bb quote_text_shadow_blur_strength_tablet=\u00bb1px\u00bb header_text_shadow_horizontal_length_tablet=\u00bb0px\u00bb header_text_shadow_vertical_length_tablet=\u00bb0px\u00bb header_text_shadow_blur_strength_tablet=\u00bb1px\u00bb header_2_text_shadow_horizontal_length_tablet=\u00bb0px\u00bb header_2_text_shadow_vertical_length_tablet=\u00bb0px\u00bb header_2_text_shadow_blur_strength_tablet=\u00bb1px\u00bb header_3_text_shadow_horizontal_length_tablet=\u00bb0px\u00bb header_3_text_shadow_vertical_length_tablet=\u00bb0px\u00bb header_3_text_shadow_blur_strength_tablet=\u00bb1px\u00bb header_4_text_shadow_horizontal_length_tablet=\u00bb0px\u00bb header_4_text_shadow_vertical_length_tablet=\u00bb0px\u00bb header_4_text_shadow_blur_strength_tablet=\u00bb1px\u00bb header_5_text_shadow_horizontal_length_tablet=\u00bb0px\u00bb header_5_text_shadow_vertical_length_tablet=\u00bb0px\u00bb header_5_text_shadow_blur_strength_tablet=\u00bb1px\u00bb header_6_text_shadow_horizontal_length_tablet=\u00bb0px\u00bb header_6_text_shadow_vertical_length_tablet=\u00bb0px\u00bb header_6_text_shadow_blur_strength_tablet=\u00bb1px\u00bb box_shadow_horizontal_tablet=\u00bb0px\u00bb box_shadow_vertical_tablet=\u00bb0px\u00bb box_shadow_blur_tablet=\u00bb40px\u00bb box_shadow_spread_tablet=\u00bb0px\u00bb]<\/p>\n<h2><strong>Condiciones de servicio<\/strong><\/h2>\n<p>En cumplimiento con la normativa vigente en materia de protecci\u00f3n de datos de car\u00e1cter personal ponemos en su conocimiento la siguiente informaci\u00f3n:<\/p>\n<ul>\n<li><strong>Responsable<\/strong>: LKS, S.Coop.<\/li>\n<li><strong>Finalidad:<\/strong> Gestionar el env\u00edo de informaci\u00f3n y prospecci\u00f3n comercial<\/li>\n<li><strong>Legitimaci\u00f3n:<\/strong> Consentimiento del interesado<\/li>\n<li><strong>Destinatarios:<\/strong> No se ceder\u00e1n datos a terceros<\/li>\n<li><strong>Derechos:<\/strong> Acceder, rectificar, cancelar y oponerse al tratamiento de los datos<\/li>\n<\/ul>\n<p><strong style=\"color: #333333; font-size: 26px;\"><br \/>\nInformaci\u00f3n Adicional<\/strong><\/p>\n<h3><strong>Responsable<\/strong><\/h3>\n<p>Se informa que el responsable del fichero es la mercantil LKS, S.Coop. (en adelante, \u201cLKS Next\u201d), sociedad domiciliada en Garaia Parke Teknologikoa, Goiru Kalea 7, 20500 Arrasate-Mondrag\u00f3n (Gipuzkoa), y NIF F20369153.<\/p>\n<p>Podr\u00e1 ponerse en contacto con nosotros dirigi\u00e9ndose al n\u00famero de tel\u00e9fono <a href=\"tel:+34 902 540 990\">+34 902 540 990<\/a> o al correo electr\u00f3nico <a href=\"mailto:info@lksnext.com\">info@lksnext.com<\/a>.<\/p>\n<h3><strong>Finalidad<\/strong><\/h3>\n<p>Los datos que seguidamente se relacionan ser\u00e1n recabados con la finalidad de gestionar el env\u00edo de informaci\u00f3n y prospecci\u00f3n comercial. En caso de que no obtengamos su consentimiento o el mismo sea retirado en un futuro, no podremos enviarle comunicaciones comerciales sobre nuestros productos.<\/p>\n<h3><strong>Legitimaci\u00f3n<\/strong><\/h3>\n<p>Los datos de car\u00e1cter personal ser\u00e1n tratados con su consentimiento, y en ello se basa el tratamiento aqu\u00ed realizado.<\/p>\n<h3><strong>Destinatarios<\/strong><\/h3>\n<p>No se ceder\u00e1n sus datos de car\u00e1cter personal a terceros ajenos al responsable.<\/p>\n<p>Asimismo, no se realizar\u00e1n transferencias internacionales de datos a terceros fuera de la Uni\u00f3n Europea.<\/p>\n<p>Los terceros que en el marco de una prestaci\u00f3n de servicios a LKS Next pudieran tener acceso a los datos de car\u00e1cter personal, han suscrito los correspondientes contratos de prestaci\u00f3n de servicios y aseguran el cumplimiento de la normativa en materia de protecci\u00f3n de datos.<\/p>\n<h3><strong>Categor\u00edas de datos<\/strong><\/h3>\n<p>Los datos de car\u00e1cter personal que recabaremos son los siguientes datos identificativos:<\/p>\n<ul>\n<li>Nombre y apellidos<\/li>\n<li>Cargo<\/li>\n<li>Empresa<\/li>\n<li>Direcci\u00f3n<\/li>\n<li>Email y tel\u00e9fono de contacto.<\/li>\n<\/ul>\n<p>Los datos recabados son necesarios para la correcta gesti\u00f3n de las actividades comerciales.<\/p>\n<h3><strong>Plazo de conservaci\u00f3n<\/strong><\/h3>\n<p>Los datos ser\u00e1n conservados en tanto se mantengan las relaciones comerciales entre Ud. y LKS Next, y siempre que no retire su consentimiento.<\/p>\n<p>Tras la finalizaci\u00f3n de las relaciones comerciales o la retirada del consentimiento, los datos podr\u00e1n ser conservados debidamente bloqueados para la atenci\u00f3n de reclamaciones judiciales, administrativas o fiscales, durante los plazos que resulten de la legislaci\u00f3n aplicable.<\/p>\n<h3><strong>Derechos<\/strong><\/h3>\n<p>Sin perjuicio de lo anterior, Ud. tiene derecho a solicitar a LKS Next el acceso a los datos personales, su rectificaci\u00f3n o supresi\u00f3n, o la limitaci\u00f3n de su tratamiento, o a oponerse al mismo, as\u00ed como el derecho a la portabilidad de los datos. Asimismo, tienen el derecho a retirar el consentimiento en todo momento. Podr\u00e1n ejercitar los derechos anteriormente citados mediante comunicaci\u00f3n dirigida al correo electr\u00f3nico <a href=\"mailto:info@lksnext.com\">info@lksnext.com<\/a>, indicando su nombre y apellidos, empresa y mostrando su voluntad de no recibir comunicaciones en adelante.<\/p>\n<p>En caso de que considerara que LKS Next est\u00e1 incumpliendo la normativa, Ud. tiene derecho a presentar una reclamaci\u00f3n frente a la autoridad competente.<\/p>\n<p>Podr\u00e1 obtener mayor informaci\u00f3n sobre la pol\u00edtica de privacidad de LKS Next en el siguiente link **.<\/p>\n<p>[\/et_pb_text][\/et_pb_column_inner][\/et_pb_row_inner][\/et_pb_column][\/et_pb_section]<\/p>\n","protected":false},"excerpt":{"rendered":"<p>Condiciones de servicio Condiciones de servicio En cumplimiento con la normativa vigente en materia de protecci\u00f3n de datos de car\u00e1cter personal ponemos en su conocimiento la siguiente informaci\u00f3n: Responsable: LKS, S.Coop. Finalidad: Gestionar el env\u00edo de informaci\u00f3n y prospecci\u00f3n comercial Legitimaci\u00f3n: Consentimiento del interesado Destinatarios: No se ceder\u00e1n datos a terceros Derechos: Acceder, rectificar, cancelar [&hellip;]<\/p>\n","protected":false},"author":1,"featured_media":0,"parent":0,"menu_order":100,"comment_status":"closed","ping_status":"closed","template":"","meta":{"_acf_changed":false,"_et_pb_use_builder":"on","_et_pb_old_content":"","_et_gb_content_width":"","inline_featured_image":false,"footnotes":""},"class_list":["post-8014","page","type-page","status-publish","hentry"],"acf":[],"_links":{"self":[{"href":"https:\/\/www.lksnext.com\/es\/wp-json\/wp\/v2\/pages\/8014","targetHints":{"allow":["GET"]}}],"collection":[{"href":"https:\/\/www.lksnext.com\/es\/wp-json\/wp\/v2\/pages"}],"about":[{"href":"https:\/\/www.lksnext.com\/es\/wp-json\/wp\/v2\/types\/page"}],"author":[{"embeddable":true,"href":"https:\/\/www.lksnext.com\/es\/wp-json\/wp\/v2\/users\/1"}],"replies":[{"embeddable":true,"href":"https:\/\/www.lksnext.com\/es\/wp-json\/wp\/v2\/comments?post=8014"}],"version-history":[{"count":0,"href":"https:\/\/www.lksnext.com\/es\/wp-json\/wp\/v2\/pages\/8014\/revisions"}],"wp:attachment":[{"href":"https:\/\/www.lksnext.com\/es\/wp-json\/wp\/v2\/media?parent=8014"}],"curies":[{"name":"wp","href":"https:\/\/api.w.org\/{rel}","templated":true}]}}